{"id":33434,"date":"2022-01-11T01:55:03","date_gmt":"2022-01-11T01:55:03","guid":{"rendered":"https:\/\/mrg-home.com\/politica-privacidad\/"},"modified":"2022-10-22T20:37:38","modified_gmt":"2022-10-22T20:37:38","slug":"politica-privacidad","status":"publish","type":"page","link":"https:\/\/mrg-home.com\/fr\/politica-privacidad\/","title":{"rendered":"Pol\u00edtica de privacidad"},"content":{"rendered":"\n<p>Esta Pol\u00edtica de Privacidad rige la forma en que MRG-home.com recopila, utiliza, mantiene y divulga informaci\u00f3n recopilada de los usuarios (cada uno, un \u201cUsuario\u201d) del sitio web (\u201cSitio\u201d). Esta pol\u00edtica de privacidad se aplica al Sitio y todos los productos y servicios ofrecidos por MRG-home.com.<\/p>\n\n\n\n<p><strong>Informaci\u00f3n de identificaci\u00f3n personal<\/strong><\/p>\n\n\n\n<p>Podemos recopilar informaci\u00f3n de identificaci\u00f3n personal de los Usuarios de diversas maneras en relaci\u00f3n con las actividades, servicios, caracter\u00edsticas o recursos que ponemos a disposici\u00f3n en nuestro Sitio. Los usuarios pueden visitar nuestro Sitio an\u00f3nimamente. Recopilaremos la informaci\u00f3n de identificaci\u00f3n personal de los Usuarios solamente si voluntariamente nos env\u00edan dicha informaci\u00f3n. Los usuarios siempre pueden negarse a proporcionar informaci\u00f3n de identificaci\u00f3n personal, excepto que puede impedirles participar en ciertas actividades relacionadas con el Sitio.<\/p>\n\n\n\n<p><strong>Informaci\u00f3n de identificaci\u00f3n no personal<\/strong><\/p>\n\n\n\n<p>Podemos recopilar informaci\u00f3n de identificaci\u00f3n no personal sobre los Usuarios siempre que interact\u00faen con nuestro Sitio. La informaci\u00f3n de identificaci\u00f3n no personal puede incluir el nombre del navegador, el tipo de computadora y la informaci\u00f3n t\u00e9cnica sobre los medios de conexi\u00f3n a nuestro sitio, como el sistema operativo y los proveedores de servicios de Internet utilizados y otra informaci\u00f3n similar.<\/p>\n\n\n\n<p><strong>Cookies del navegador web<\/strong><\/p>\n\n\n\n<p>Nuestro Sitio puede usar \u201ccookies\u201d para mejorar la experiencia del Usuario. El navegador web del usuario coloca las cookies en su disco duro para fines de mantenimiento de registros ya veces para rastrear informaci\u00f3n sobre ellas. El usuario puede elegir configurar su navegador web para rechazar las cookies o para avisarle cuando se env\u00edan las cookies. Si lo hacen, tenga en cuenta que algunas partes del Sitio pueden no funcionar correctamente.<\/p>\n\n\n\n<p><strong>C\u00f3mo protegemos su informaci\u00f3n<\/strong><\/p>\n\n\n\n<p>Adoptamos pr\u00e1cticas adecuadas de recopilaci\u00f3n, almacenamiento y procesamiento de datos y medidas de seguridad para proteger contra el acceso no autorizado, alteraci\u00f3n, divulgaci\u00f3n o destrucci\u00f3n de su informaci\u00f3n personal, nombre de usuario, contrase\u00f1a, informaci\u00f3n de transacci\u00f3n y datos almacenados en nuestro Sitio.<\/p>\n\n\n\n<p><strong>C\u00f3mo compartir su informaci\u00f3n personal<\/strong><\/p>\n\n\n\n<p>No vendemos, comerciamos ni alquilamos la informaci\u00f3n de identificaci\u00f3n personal de los Usuarios a terceros. Podemos compartir informaci\u00f3n demogr\u00e1fica agregada gen\u00e9rica no vinculada a ninguna informaci\u00f3n de identificaci\u00f3n personal con respecto a visitantes y usuarios con nuestros socios de negocios, afiliados de confianza y anunciantes para los prop\u00f3sitos descritos anteriormente.<\/p>\n\n\n\n<p><strong>Cambios en esta pol\u00edtica de privacidad<\/strong><\/p>\n\n\n\n<p>MRG-home.com tiene la discreci\u00f3n de actualizar esta pol\u00edtica de privacidad en cualquier momento. Cuando lo hagamos, revisaremos la fecha actualizada al final de esta p\u00e1gina. Animamos a los Usuarios a revisar frecuentemente esta p\u00e1gina para cualquier cambio para mantenerse informado sobre c\u00f3mo estamos ayudando a proteger la informaci\u00f3n personal que recopilamos. Usted reconoce y acepta que es su responsabilidad revisar esta pol\u00edtica de privacidad peri\u00f3dicamente y tomar conocimiento de las modificaciones.<\/p>\n\n\n\n<p><strong>Su aceptaci\u00f3n de estos t\u00e9rminos<\/strong><\/p>\n\n\n\n<p>Al usar este Sitio, usted significa su aceptaci\u00f3n de esta pol\u00edtica. Si no est\u00e1 de acuerdo con esta pol\u00edtica, no utilice nuestro sitio. Su uso continuado del Sitio tras la publicaci\u00f3n de cambios en esta pol\u00edtica se considerar\u00e1 su aceptaci\u00f3n de dichos cambios.<\/p>\n","protected":false},"excerpt":{"rendered":"<p>Esta Pol\u00edtica de Privacidad rige la forma en que MRG-home.com recopila, utiliza, mantiene y divulga informaci\u00f3n recopilada de los usuarios (cada uno, un \u201cUsuario\u201d) del sitio web (\u201cSitio\u201d). Esta pol\u00edtica de privacidad se aplica al Sitio y todos los productos y servicios ofrecidos por MRG-home.com. Informaci\u00f3n de identificaci\u00f3n personal Podemos recopilar informaci\u00f3n de identificaci\u00f3n personal de los Usuarios de diversas maneras en relaci\u00f3n con &#8230;<\/p>\n","protected":false},"author":1,"featured_media":0,"parent":0,"menu_order":0,"comment_status":"closed","ping_status":"closed","template":"","meta":{"om_disable_all_campaigns":false,"_monsterinsights_skip_tracking":false,"_monsterinsights_sitenote_active":false,"_monsterinsights_sitenote_note":"","_monsterinsights_sitenote_category":0,"footnotes":""},"class_list":["post-33434","page","type-page","status-publish","hentry"],"yoast_head":"<!-- This site is optimized with the Yoast SEO plugin v25.8 - https:\/\/yoast.com\/wordpress\/plugins\/seo\/ -->\n<title>Pol\u00edtica de privacidad - MRG Home<\/title>\n<meta name=\"robots\" content=\"index, follow, max-snippet:-1, max-image-preview:large, max-video-preview:-1\" \/>\n<link rel=\"canonical\" href=\"https:\/\/mrg-home.com\/fr\/politica-privacidad\/\" \/>\n<meta property=\"og:locale\" content=\"fr_FR\" \/>\n<meta property=\"og:type\" content=\"article\" \/>\n<meta property=\"og:title\" content=\"Pol\u00edtica de privacidad - MRG Home\" \/>\n<meta property=\"og:description\" content=\"Esta Pol\u00edtica de Privacidad rige la forma en que MRG-home.com recopila, utiliza, mantiene y divulga informaci\u00f3n recopilada de los usuarios (cada uno, un \u201cUsuario\u201d) del sitio web (\u201cSitio\u201d). Esta pol\u00edtica de privacidad se aplica al Sitio y todos los productos y servicios ofrecidos por MRG-home.com. Informaci\u00f3n de identificaci\u00f3n personal Podemos recopilar informaci\u00f3n de identificaci\u00f3n personal de los Usuarios de diversas maneras en relaci\u00f3n con ...\" \/>\n<meta property=\"og:url\" content=\"https:\/\/mrg-home.com\/fr\/politica-privacidad\/\" \/>\n<meta property=\"og:site_name\" content=\"MRG Home\" \/>\n<meta property=\"article:publisher\" content=\"https:\/\/www.facebook.com\/people\/MRG-Home-Marbella\/100083362450035\/\" \/>\n<meta property=\"article:modified_time\" content=\"2022-10-22T20:37:38+00:00\" \/>\n<meta name=\"twitter:card\" content=\"summary_large_image\" \/>\n<meta name=\"twitter:label1\" content=\"Dur\u00e9e de lecture estim\u00e9e\" \/>\n\t<meta name=\"twitter:data1\" content=\"3 minutes\" \/>\n<script type=\"application\/ld+json\" class=\"yoast-schema-graph\">{\"@context\":\"https:\/\/schema.org\",\"@graph\":[{\"@type\":\"WebPage\",\"@id\":\"https:\/\/mrg-home.com\/fr\/politica-privacidad\/\",\"url\":\"https:\/\/mrg-home.com\/fr\/politica-privacidad\/\",\"name\":\"Pol\u00edtica de privacidad - MRG Home\",\"isPartOf\":{\"@id\":\"https:\/\/mrg-home.com\/en\/#website\"},\"datePublished\":\"2022-01-11T01:55:03+00:00\",\"dateModified\":\"2022-10-22T20:37:38+00:00\",\"breadcrumb\":{\"@id\":\"https:\/\/mrg-home.com\/fr\/politica-privacidad\/#breadcrumb\"},\"inLanguage\":\"fr-FR\",\"potentialAction\":[{\"@type\":\"ReadAction\",\"target\":[\"https:\/\/mrg-home.com\/fr\/politica-privacidad\/\"]}]},{\"@type\":\"BreadcrumbList\",\"@id\":\"https:\/\/mrg-home.com\/fr\/politica-privacidad\/#breadcrumb\",\"itemListElement\":[{\"@type\":\"ListItem\",\"position\":1,\"name\":\"Portada\",\"item\":\"https:\/\/mrg-home.com\/fr\/inicio\/\"},{\"@type\":\"ListItem\",\"position\":2,\"name\":\"Pol\u00edtica de privacidad\"}]},{\"@type\":\"WebSite\",\"@id\":\"https:\/\/mrg-home.com\/en\/#website\",\"url\":\"https:\/\/mrg-home.com\/en\/\",\"name\":\"MRG Home\",\"description\":\"Tu inmobiliaria en la Costa del Sol\",\"publisher\":{\"@id\":\"https:\/\/mrg-home.com\/en\/#organization\"},\"potentialAction\":[{\"@type\":\"SearchAction\",\"target\":{\"@type\":\"EntryPoint\",\"urlTemplate\":\"https:\/\/mrg-home.com\/en\/?s={search_term_string}\"},\"query-input\":{\"@type\":\"PropertyValueSpecification\",\"valueRequired\":true,\"valueName\":\"search_term_string\"}}],\"inLanguage\":\"fr-FR\"},{\"@type\":\"Organization\",\"@id\":\"https:\/\/mrg-home.com\/en\/#organization\",\"name\":\"MRG Home\",\"url\":\"https:\/\/mrg-home.com\/en\/\",\"logo\":{\"@type\":\"ImageObject\",\"inLanguage\":\"fr-FR\",\"@id\":\"https:\/\/mrg-home.com\/en\/#\/schema\/logo\/image\/\",\"url\":\"https:\/\/mrg-home.com\/wp-content\/uploads\/2022\/01\/logomrg-1.png\",\"contentUrl\":\"https:\/\/mrg-home.com\/wp-content\/uploads\/2022\/01\/logomrg-1.png\",\"width\":196,\"height\":96,\"caption\":\"MRG Home\"},\"image\":{\"@id\":\"https:\/\/mrg-home.com\/en\/#\/schema\/logo\/image\/\"},\"sameAs\":[\"https:\/\/www.facebook.com\/people\/MRG-Home-Marbella\/100083362450035\/\",\"https:\/\/www.youtube.com\/@MRG-HOME\"]}]}<\/script>\n<!-- \/ Yoast SEO plugin. -->","yoast_head_json":{"title":"Pol\u00edtica de privacidad - MRG Home","robots":{"index":"index","follow":"follow","max-snippet":"max-snippet:-1","max-image-preview":"max-image-preview:large","max-video-preview":"max-video-preview:-1"},"canonical":"https:\/\/mrg-home.com\/fr\/politica-privacidad\/","og_locale":"fr_FR","og_type":"article","og_title":"Pol\u00edtica de privacidad - MRG Home","og_description":"Esta Pol\u00edtica de Privacidad rige la forma en que MRG-home.com recopila, utiliza, mantiene y divulga informaci\u00f3n recopilada de los usuarios (cada uno, un \u201cUsuario\u201d) del sitio web (\u201cSitio\u201d). Esta pol\u00edtica de privacidad se aplica al Sitio y todos los productos y servicios ofrecidos por MRG-home.com. Informaci\u00f3n de identificaci\u00f3n personal Podemos recopilar informaci\u00f3n de identificaci\u00f3n personal de los Usuarios de diversas maneras en relaci\u00f3n con ...","og_url":"https:\/\/mrg-home.com\/fr\/politica-privacidad\/","og_site_name":"MRG Home","article_publisher":"https:\/\/www.facebook.com\/people\/MRG-Home-Marbella\/100083362450035\/","article_modified_time":"2022-10-22T20:37:38+00:00","twitter_card":"summary_large_image","twitter_misc":{"Dur\u00e9e de lecture estim\u00e9e":"3 minutes"},"schema":{"@context":"https:\/\/schema.org","@graph":[{"@type":"WebPage","@id":"https:\/\/mrg-home.com\/fr\/politica-privacidad\/","url":"https:\/\/mrg-home.com\/fr\/politica-privacidad\/","name":"Pol\u00edtica de privacidad - MRG Home","isPartOf":{"@id":"https:\/\/mrg-home.com\/en\/#website"},"datePublished":"2022-01-11T01:55:03+00:00","dateModified":"2022-10-22T20:37:38+00:00","breadcrumb":{"@id":"https:\/\/mrg-home.com\/fr\/politica-privacidad\/#breadcrumb"},"inLanguage":"fr-FR","potentialAction":[{"@type":"ReadAction","target":["https:\/\/mrg-home.com\/fr\/politica-privacidad\/"]}]},{"@type":"BreadcrumbList","@id":"https:\/\/mrg-home.com\/fr\/politica-privacidad\/#breadcrumb","itemListElement":[{"@type":"ListItem","position":1,"name":"Portada","item":"https:\/\/mrg-home.com\/fr\/inicio\/"},{"@type":"ListItem","position":2,"name":"Pol\u00edtica de privacidad"}]},{"@type":"WebSite","@id":"https:\/\/mrg-home.com\/en\/#website","url":"https:\/\/mrg-home.com\/en\/","name":"MRG Home","description":"Tu inmobiliaria en la Costa del Sol","publisher":{"@id":"https:\/\/mrg-home.com\/en\/#organization"},"potentialAction":[{"@type":"SearchAction","target":{"@type":"EntryPoint","urlTemplate":"https:\/\/mrg-home.com\/en\/?s={search_term_string}"},"query-input":{"@type":"PropertyValueSpecification","valueRequired":true,"valueName":"search_term_string"}}],"inLanguage":"fr-FR"},{"@type":"Organization","@id":"https:\/\/mrg-home.com\/en\/#organization","name":"MRG Home","url":"https:\/\/mrg-home.com\/en\/","logo":{"@type":"ImageObject","inLanguage":"fr-FR","@id":"https:\/\/mrg-home.com\/en\/#\/schema\/logo\/image\/","url":"https:\/\/mrg-home.com\/wp-content\/uploads\/2022\/01\/logomrg-1.png","contentUrl":"https:\/\/mrg-home.com\/wp-content\/uploads\/2022\/01\/logomrg-1.png","width":196,"height":96,"caption":"MRG Home"},"image":{"@id":"https:\/\/mrg-home.com\/en\/#\/schema\/logo\/image\/"},"sameAs":["https:\/\/www.facebook.com\/people\/MRG-Home-Marbella\/100083362450035\/","https:\/\/www.youtube.com\/@MRG-HOME"]}]}},"_links":{"self":[{"href":"https:\/\/mrg-home.com\/fr\/wp-json\/wp\/v2\/pages\/33434","targetHints":{"allow":["GET"]}}],"collection":[{"href":"https:\/\/mrg-home.com\/fr\/wp-json\/wp\/v2\/pages"}],"about":[{"href":"https:\/\/mrg-home.com\/fr\/wp-json\/wp\/v2\/types\/page"}],"author":[{"embeddable":true,"href":"https:\/\/mrg-home.com\/fr\/wp-json\/wp\/v2\/users\/1"}],"replies":[{"embeddable":true,"href":"https:\/\/mrg-home.com\/fr\/wp-json\/wp\/v2\/comments?post=33434"}],"version-history":[{"count":1,"href":"https:\/\/mrg-home.com\/fr\/wp-json\/wp\/v2\/pages\/33434\/revisions"}],"predecessor-version":[{"id":36491,"href":"https:\/\/mrg-home.com\/fr\/wp-json\/wp\/v2\/pages\/33434\/revisions\/36491"}],"wp:attachment":[{"href":"https:\/\/mrg-home.com\/fr\/wp-json\/wp\/v2\/media?parent=33434"}],"curies":[{"name":"wp","href":"https:\/\/api.w.org\/{rel}","templated":true}]}}