{"id":30294,"date":"2022-02-03T20:50:39","date_gmt":"2022-02-03T20:50:39","guid":{"rendered":"https:\/\/mrg-home.com\/gestion-de-la-propriete\/"},"modified":"2023-05-18T13:01:00","modified_gmt":"2023-05-18T13:01:00","slug":"gestion-de-la-propriete","status":"publish","type":"page","link":"https:\/\/mrg-home.com\/fr\/gestion-de-la-propriete\/","title":{"rendered":"Gestion de la propri\u00e9t\u00e9"},"content":{"rendered":"\t\t<div data-elementor-type=\"wp-page\" data-elementor-id=\"30294\" class=\"elementor elementor-30294 elementor-19724\">\n\t\t\t\t\t\t\t\t\t<section class=\"elementor-section elementor-top-section elementor-element elementor-element-e5d1154 elementor-section-boxed elementor-section-height-default elementor-section-height-default\" data-id=\"e5d1154\" data-element_type=\"section\">\n\t\t\t\t\t\t<div class=\"elementor-container elementor-column-gap-default\">\n\t\t\t\t\t<div class=\"elementor-column elementor-col-100 elementor-top-column elementor-element elementor-element-704d3c3\" data-id=\"704d3c3\" data-element_type=\"column\">\n\t\t\t<div class=\"elementor-widget-wrap elementor-element-populated\">\n\t\t\t\t\t\t\t\t<div class=\"elementor-element elementor-element-70a3969 elementor-widget elementor-widget-heading\" data-id=\"70a3969\" data-element_type=\"widget\" data-widget_type=\"heading.default\">\n\t\t\t\t<div class=\"elementor-widget-container\">\n\t\t\t<style>\/*! elementor - v3.16.0 - 20-09-2023 *\/\n.elementor-heading-title{padding:0;margin:0;line-height:1}.elementor-widget-heading .elementor-heading-title[class*=elementor-size-]>a{color:inherit;font-size:inherit;line-height:inherit}.elementor-widget-heading .elementor-heading-title.elementor-size-small{font-size:15px}.elementor-widget-heading .elementor-heading-title.elementor-size-medium{font-size:19px}.elementor-widget-heading .elementor-heading-title.elementor-size-large{font-size:29px}.elementor-widget-heading .elementor-heading-title.elementor-size-xl{font-size:39px}.elementor-widget-heading .elementor-heading-title.elementor-size-xxl{font-size:59px}<\/style><h2 class=\"elementor-heading-title elementor-size-default\">Gestion de la propri\u00e9t\u00e9<\/h2>\t\t<\/div>\n\t\t\t\t<\/div>\n\t\t\t\t<div class=\"elementor-element elementor-element-b1934d2 elementor-widget elementor-widget-text-editor\" data-id=\"b1934d2\" data-element_type=\"widget\" data-widget_type=\"text-editor.default\">\n\t\t\t\t<div class=\"elementor-widget-container\">\n\t\t\t<style>\/*! elementor - v3.16.0 - 20-09-2023 *\/\n.elementor-widget-text-editor.elementor-drop-cap-view-stacked .elementor-drop-cap{background-color:#69727d;color:#fff}.elementor-widget-text-editor.elementor-drop-cap-view-framed .elementor-drop-cap{color:#69727d;border:3px solid;background-color:transparent}.elementor-widget-text-editor:not(.elementor-drop-cap-view-default) .elementor-drop-cap{margin-top:8px}.elementor-widget-text-editor:not(.elementor-drop-cap-view-default) .elementor-drop-cap-letter{width:1em;height:1em}.elementor-widget-text-editor .elementor-drop-cap{float:left;text-align:center;line-height:1;font-size:50px}.elementor-widget-text-editor .elementor-drop-cap-letter{display:inline-block}<\/style>\t\t\t\t<p style=\"text-align: justify;\"><strong>MRG-HOME<\/strong> offre un service professionnel et exp\u00e9riment\u00e9 sur le march\u00e9 immobilier de la Costa del Sol. Nous avons une vaste exp\u00e9rience dans l&rsquo;entretien et la gestion de propri\u00e9t\u00e9s \u00e0 Marbella. Nous fournissons des services de gestion et d&rsquo;entretien immobiliers aux propri\u00e9taires. Qu&rsquo;il s&rsquo;agisse d&rsquo;une location de vacances sur la Costa del Sol, d&rsquo;un bien locatif \u00e0 haut rendement ou d&rsquo;une r\u00e9sidence secondaire, nous prenons soin de vos biens comme s&rsquo;ils \u00e9taient les n\u00f4tres. <strong>MRG-HOME<\/strong> garantit une solution de tranquillit\u00e9 d&rsquo;esprit lorsque vous n&rsquo;\u00eates pas dans votre r\u00e9sidence.<\/p>\n<p style=\"text-align: justify;\">Notre \u00e9quipe d\u00e9di\u00e9e offre un service exclusif et personnalis\u00e9 prenant en charge tous les \u00e9l\u00e9ments li\u00e9s \u00e0 la gestion et \u00e0 l&rsquo;entretien de votre propri\u00e9t\u00e9.<\/p>\n<p style=\"text-align: justify;\">Que votre propri\u00e9t\u00e9 soit une r\u00e9sidence secondaire sur la Costa del Sol \u00e0 usage personnel uniquement ou une propri\u00e9t\u00e9 de location de vacances \u00e0 haut rendement. Simplifiez l&rsquo;organisation des services, l&rsquo;acceptation et le rapprochement des paiements et la gestion des demandes de renseignements et des r\u00e9servations.<\/p>\n\t\t\t\t\t\t<\/div>\n\t\t\t\t<\/div>\n\t\t\t\t\t<\/div>\n\t\t<\/div>\n\t\t\t\t\t\t\t<\/div>\n\t\t<\/section>\n\t\t\t\t<section class=\"elementor-section elementor-top-section elementor-element elementor-element-9951c9c elementor-section-boxed elementor-section-height-default elementor-section-height-default\" data-id=\"9951c9c\" data-element_type=\"section\">\n\t\t\t\t\t\t<div class=\"elementor-container elementor-column-gap-default\">\n\t\t\t\t\t<div class=\"elementor-column elementor-col-33 elementor-top-column elementor-element elementor-element-de3f274\" data-id=\"de3f274\" data-element_type=\"column\">\n\t\t\t<div class=\"elementor-widget-wrap elementor-element-populated\">\n\t\t\t\t\t\t\t\t<div class=\"elementor-element elementor-element-89dcf94 elementor-widget elementor-widget-image\" data-id=\"89dcf94\" data-element_type=\"widget\" data-widget_type=\"image.default\">\n\t\t\t\t<div class=\"elementor-widget-container\">\n\t\t\t<style>\/*! elementor - v3.16.0 - 20-09-2023 *\/\n.elementor-widget-image{text-align:center}.elementor-widget-image a{display:inline-block}.elementor-widget-image a img[src$=\".svg\"]{width:48px}.elementor-widget-image img{vertical-align:middle;display:inline-block}<\/style>\t\t\t\t\t\t\t\t\t\t\t\t<img loading=\"lazy\" decoding=\"async\" width=\"490\" height=\"700\" src=\"https:\/\/mrg-home.com\/wp-content\/uploads\/2022\/02\/mantenimiento2.jpg\" class=\"attachment-large size-large wp-image-30936\" alt=\"\" srcset=\"https:\/\/mrg-home.com\/wp-content\/uploads\/2022\/02\/mantenimiento2.jpg 490w, https:\/\/mrg-home.com\/wp-content\/uploads\/2022\/02\/mantenimiento2-210x300.jpg 210w\" sizes=\"auto, (max-width: 490px) 100vw, 490px\" \/>\t\t\t\t\t\t\t\t\t\t\t\t\t\t\t<\/div>\n\t\t\t\t<\/div>\n\t\t\t\t\t<\/div>\n\t\t<\/div>\n\t\t\t\t<div class=\"elementor-column elementor-col-66 elementor-top-column elementor-element elementor-element-21ddae3\" data-id=\"21ddae3\" data-element_type=\"column\">\n\t\t\t<div class=\"elementor-widget-wrap elementor-element-populated\">\n\t\t\t\t\t\t\t\t<div class=\"elementor-element elementor-element-1c51b17 elementor-widget elementor-widget-heading\" data-id=\"1c51b17\" data-element_type=\"widget\" data-widget_type=\"heading.default\">\n\t\t\t\t<div class=\"elementor-widget-container\">\n\t\t\t<h2 class=\"elementor-heading-title elementor-size-default\">Prestations d'entretien immobilier<\/h2>\t\t<\/div>\n\t\t\t\t<\/div>\n\t\t\t\t<div class=\"elementor-element elementor-element-747445f elementor-widget elementor-widget-text-editor\" data-id=\"747445f\" data-element_type=\"widget\" data-widget_type=\"text-editor.default\">\n\t\t\t\t<div class=\"elementor-widget-container\">\n\t\t\t\t\t\t\t<p>Notre \u00e9quipe d&rsquo;experts en entretien est toujours disponible pour l&rsquo;entretien g\u00e9n\u00e9ral, la d\u00e9coration ou l&rsquo;am\u00e9lioration de l&rsquo;habitat :<\/p>\n<ul>\n<li>Entretien piscine<\/li>\n<li>Services de climatisation et de chauffage<\/li>\n<li>Syst\u00e8mes de s\u00e9curit\u00e9 et de t\u00e9l\u00e9vision<\/li>\n<li>Jardinage<\/li>\n<li>Services de nettoyage<\/li>\n<\/ul>\n\t\t\t\t\t\t<\/div>\n\t\t\t\t<\/div>\n\t\t\t\t\t<\/div>\n\t\t<\/div>\n\t\t\t\t\t\t\t<\/div>\n\t\t<\/section>\n\t\t\t\t<section class=\"elementor-section elementor-top-section elementor-element elementor-element-b575220 elementor-section-boxed elementor-section-height-default elementor-section-height-default\" data-id=\"b575220\" data-element_type=\"section\">\n\t\t\t\t\t\t<div class=\"elementor-container elementor-column-gap-default\">\n\t\t\t\t\t<div class=\"elementor-column elementor-col-33 elementor-top-column elementor-element elementor-element-f788a57\" data-id=\"f788a57\" data-element_type=\"column\">\n\t\t\t<div class=\"elementor-widget-wrap elementor-element-populated\">\n\t\t\t\t\t\t\t\t<div class=\"elementor-element elementor-element-4c24e7d elementor-widget elementor-widget-image\" data-id=\"4c24e7d\" data-element_type=\"widget\" data-widget_type=\"image.default\">\n\t\t\t\t<div class=\"elementor-widget-container\">\n\t\t\t\t\t\t\t\t\t\t\t\t\t\t\t<img loading=\"lazy\" decoding=\"async\" width=\"400\" height=\"533\" src=\"https:\/\/mrg-home.com\/wp-content\/uploads\/2022\/02\/7-8b51b490ae7dc526cb42772a5c6bbc97-3.jpgv1640105575\" class=\"attachment-large size-large wp-image-30569\" alt=\"\" srcset=\"https:\/\/mrg-home.com\/wp-content\/uploads\/2022\/02\/7-8b51b490ae7dc526cb42772a5c6bbc97-3.jpgv1640105575 400w, https:\/\/mrg-home.com\/wp-content\/uploads\/2022\/02\/7-8b51b490ae7dc526cb42772a5c6bbc97-3-225x300.jpgv1640105575 225w\" sizes=\"auto, (max-width: 400px) 100vw, 400px\" \/>\t\t\t\t\t\t\t\t\t\t\t\t\t\t\t<\/div>\n\t\t\t\t<\/div>\n\t\t\t\t\t<\/div>\n\t\t<\/div>\n\t\t\t\t<div class=\"elementor-column elementor-col-66 elementor-top-column elementor-element elementor-element-0313b4a\" data-id=\"0313b4a\" data-element_type=\"column\">\n\t\t\t<div class=\"elementor-widget-wrap elementor-element-populated\">\n\t\t\t\t\t\t\t\t<div class=\"elementor-element elementor-element-c9883ec elementor-widget elementor-widget-heading\" data-id=\"c9883ec\" data-element_type=\"widget\" data-widget_type=\"heading.default\">\n\t\t\t\t<div class=\"elementor-widget-container\">\n\t\t\t<h2 class=\"elementor-heading-title elementor-size-default\">Soins de la propri\u00e9t\u00e9<\/h2>\t\t<\/div>\n\t\t\t\t<\/div>\n\t\t\t\t<div class=\"elementor-element elementor-element-973a12c elementor-widget elementor-widget-text-editor\" data-id=\"973a12c\" data-element_type=\"widget\" data-widget_type=\"text-editor.default\">\n\t\t\t\t<div class=\"elementor-widget-container\">\n\t\t\t\t\t\t\t<ul>\n<li>\n<h4><span style=\"color: #808080;\">Nettoyage interne<\/span><\/h4>\n<\/li>\n<\/ul>\n<p>Notre service de nettoyage est de la plus haute qualit\u00e9, car nous employons et formons nos propres femmes de m\u00e9nage au lieu de les externaliser. Tout comme un h\u00f4tel 5 \u00e9toiles, nous fournissons des draps soyeux et des serviettes moelleuses pour que vos clients soient \u00e0 l&rsquo;aise et heureux.<\/p>\n<ul>\n<li>\n<h4><span style=\"color: #808080;\">Maintenance<\/span><\/h4>\n<\/li>\n<\/ul>\n<p>Nos experts en entretien s&rsquo;occupent de tout, pour que votre propri\u00e9t\u00e9 soit toujours dans les meilleures conditions.<\/p>\n\t\t\t\t\t\t<\/div>\n\t\t\t\t<\/div>\n\t\t\t\t\t<\/div>\n\t\t<\/div>\n\t\t\t\t\t\t\t<\/div>\n\t\t<\/section>\n\t\t\t\t<section class=\"elementor-section elementor-top-section elementor-element elementor-element-f1488f0 elementor-section-boxed elementor-section-height-default elementor-section-height-default\" data-id=\"f1488f0\" data-element_type=\"section\">\n\t\t\t\t\t\t<div class=\"elementor-container elementor-column-gap-default\">\n\t\t\t\t\t<div class=\"elementor-column elementor-col-33 elementor-top-column elementor-element elementor-element-a5e8b49\" data-id=\"a5e8b49\" data-element_type=\"column\">\n\t\t\t<div class=\"elementor-widget-wrap elementor-element-populated\">\n\t\t\t\t\t\t\t\t<div class=\"elementor-element elementor-element-360a4f6 elementor-widget elementor-widget-image\" data-id=\"360a4f6\" data-element_type=\"widget\" data-widget_type=\"image.default\">\n\t\t\t\t<div class=\"elementor-widget-container\">\n\t\t\t\t\t\t\t\t\t\t\t\t\t\t\t<img loading=\"lazy\" decoding=\"async\" width=\"737\" height=\"553\" src=\"https:\/\/mrg-home.com\/wp-content\/uploads\/2022\/02\/mantenimiento0.jpg\" class=\"attachment-large size-large wp-image-30913\" alt=\"\" srcset=\"https:\/\/mrg-home.com\/wp-content\/uploads\/2022\/02\/mantenimiento0.jpg 737w, https:\/\/mrg-home.com\/wp-content\/uploads\/2022\/02\/mantenimiento0-300x225.jpg 300w\" sizes=\"auto, (max-width: 737px) 100vw, 737px\" \/>\t\t\t\t\t\t\t\t\t\t\t\t\t\t\t<\/div>\n\t\t\t\t<\/div>\n\t\t\t\t\t<\/div>\n\t\t<\/div>\n\t\t\t\t<div class=\"elementor-column elementor-col-66 elementor-top-column elementor-element elementor-element-69cd97a\" data-id=\"69cd97a\" data-element_type=\"column\">\n\t\t\t<div class=\"elementor-widget-wrap elementor-element-populated\">\n\t\t\t\t\t\t\t\t<div class=\"elementor-element elementor-element-efc3514 elementor-widget elementor-widget-heading\" data-id=\"efc3514\" data-element_type=\"widget\" data-widget_type=\"heading.default\">\n\t\t\t\t<div class=\"elementor-widget-container\">\n\t\t\t<h2 class=\"elementor-heading-title elementor-size-default\">Design d'int\u00e9rieur<\/h2>\t\t<\/div>\n\t\t\t\t<\/div>\n\t\t\t\t<div class=\"elementor-element elementor-element-d5bf3d8 elementor-widget elementor-widget-text-editor\" data-id=\"d5bf3d8\" data-element_type=\"widget\" data-widget_type=\"text-editor.default\">\n\t\t\t\t<div class=\"elementor-widget-container\">\n\t\t\t\t\t\t\t<p>Raffinement, <strong>\u00e9l\u00e9gance et personnalisation<\/strong>sont les bases de chaque projet de d\u00e9coration chez <strong>MRG-HOME<\/strong>. Laissez votre illusion entre les meilleures mains expertes, vous obtiendrez un espace avec une \u00e2me et des d\u00e9tails.<\/p>\n<p>Nous offrons un <strong>service complet<\/strong>, de la premi\u00e8re id\u00e9e \u00e0 la livraison finale. Le contact permanent avec le client est notre pratique fondamentale.<\/p>\n<p>Une<strong>attention personnalis\u00e9e<\/strong> et un souci du <strong>d\u00e9tail exhaustif<\/strong> sont des aspects sur lesquels <strong>MRG-HOME<\/strong> met un accent particulier. De cette fa\u00e7on, un dialogue constant avec le client est r\u00e9alis\u00e9 du d\u00e9but \u00e0 la fin. <\/p>\n<p>Pour le <strong>MRG-HOME<\/strong>, chaque client est diff\u00e9rent, chaque projet est donc synonyme de passion et d&rsquo;engagement envers le design d&rsquo;int\u00e9rieur.<\/p><\/p>\n\t\t\t\t\t\t<\/div>\n\t\t\t\t<\/div>\n\t\t\t\t\t<\/div>\n\t\t<\/div>\n\t\t\t\t\t\t\t<\/div>\n\t\t<\/section>\n\t\t\t\t<section class=\"elementor-section elementor-top-section elementor-element elementor-element-1935df2 elementor-section-boxed elementor-section-height-default elementor-section-height-default\" data-id=\"1935df2\" data-element_type=\"section\">\n\t\t\t\t\t\t<div class=\"elementor-container elementor-column-gap-default\">\n\t\t\t\t\t<div class=\"elementor-column elementor-col-33 elementor-top-column elementor-element elementor-element-2efc3bf\" data-id=\"2efc3bf\" data-element_type=\"column\">\n\t\t\t<div class=\"elementor-widget-wrap\">\n\t\t\t\t\t\t\t\t\t<\/div>\n\t\t<\/div>\n\t\t\t\t<div class=\"elementor-column elementor-col-66 elementor-top-column elementor-element elementor-element-a2ed8f2\" data-id=\"a2ed8f2\" data-element_type=\"column\">\n\t\t\t<div class=\"elementor-widget-wrap\">\n\t\t\t\t\t\t\t\t\t<\/div>\n\t\t<\/div>\n\t\t\t\t\t\t\t<\/div>\n\t\t<\/section>\n\t\t\t\t\t\t\t<\/div>\n\t\t","protected":false},"excerpt":{"rendered":"<p>Gestion de la propri\u00e9t\u00e9 MRG-HOME offre un service professionnel et exp\u00e9riment\u00e9 sur le march\u00e9 immobilier de la Costa del Sol. Nous avons une vaste exp\u00e9rience dans l&rsquo;entretien et la gestion de propri\u00e9t\u00e9s \u00e0 Marbella. Nous fournissons des services de gestion et d&rsquo;entretien immobiliers aux propri\u00e9taires. Qu&rsquo;il s&rsquo;agisse d&rsquo;une location de vacances sur la Costa del Sol, d&rsquo;un bien locatif \u00e0 haut rendement ou d&rsquo;une &#8230;<\/p>\n","protected":false},"author":1,"featured_media":0,"parent":0,"menu_order":0,"comment_status":"closed","ping_status":"closed","template":"","meta":{"om_disable_all_campaigns":false,"_monsterinsights_skip_tracking":false,"_monsterinsights_sitenote_active":false,"_monsterinsights_sitenote_note":"","_monsterinsights_sitenote_category":0,"footnotes":""},"class_list":["post-30294","page","type-page","status-publish","hentry"],"yoast_head":"<!-- This site is optimized with the Yoast SEO plugin v25.8 - https:\/\/yoast.com\/wordpress\/plugins\/seo\/ -->\n<title>Gestion de la propri\u00e9t\u00e9 - MRG Home<\/title>\n<meta name=\"description\" content=\"Nous avons une vaste exp\u00e9rience dans l&#039;entretien et la gestion de propri\u00e9t\u00e9s \u00e0 Marbella. Qu&#039;il s&#039;agisse d&#039;une location de vacances sur la Costa del Sol, d&#039;un bien locatif performant ou d&#039;une r\u00e9sidence secondaire.\" \/>\n<meta name=\"robots\" content=\"index, follow, max-snippet:-1, max-image-preview:large, max-video-preview:-1\" \/>\n<link rel=\"canonical\" href=\"https:\/\/mrg-home.com\/fr\/gestion-de-la-propriete\/\" \/>\n<meta property=\"og:locale\" content=\"fr_FR\" \/>\n<meta property=\"og:type\" content=\"article\" \/>\n<meta property=\"og:title\" content=\"Gestion de la propri\u00e9t\u00e9 - MRG Home\" \/>\n<meta property=\"og:description\" content=\"Nous avons une vaste exp\u00e9rience dans l&#039;entretien et la gestion de propri\u00e9t\u00e9s \u00e0 Marbella. Qu&#039;il s&#039;agisse d&#039;une location de vacances sur la Costa del Sol, d&#039;un bien locatif performant ou d&#039;une r\u00e9sidence secondaire.\" \/>\n<meta property=\"og:url\" content=\"https:\/\/mrg-home.com\/fr\/gestion-de-la-propriete\/\" \/>\n<meta property=\"og:site_name\" content=\"MRG Home\" \/>\n<meta property=\"article:publisher\" content=\"https:\/\/www.facebook.com\/people\/MRG-Home-Marbella\/100083362450035\/\" \/>\n<meta property=\"article:modified_time\" content=\"2023-05-18T13:01:00+00:00\" \/>\n<meta property=\"og:image\" content=\"https:\/\/mrg-home.com\/wp-content\/uploads\/2022\/02\/mantenimiento2.jpg\" \/>\n<meta name=\"twitter:card\" content=\"summary_large_image\" \/>\n<meta name=\"twitter:label1\" content=\"Dur\u00e9e de lecture estim\u00e9e\" \/>\n\t<meta name=\"twitter:data1\" content=\"2 minutes\" \/>\n<script type=\"application\/ld+json\" class=\"yoast-schema-graph\">{\"@context\":\"https:\/\/schema.org\",\"@graph\":[{\"@type\":\"WebPage\",\"@id\":\"https:\/\/mrg-home.com\/fr\/gestion-de-la-propriete\/\",\"url\":\"https:\/\/mrg-home.com\/fr\/gestion-de-la-propriete\/\",\"name\":\"Gestion de la propri\u00e9t\u00e9 - MRG Home\",\"isPartOf\":{\"@id\":\"https:\/\/mrg-home.com\/en\/#website\"},\"primaryImageOfPage\":{\"@id\":\"https:\/\/mrg-home.com\/fr\/gestion-de-la-propriete\/#primaryimage\"},\"image\":{\"@id\":\"https:\/\/mrg-home.com\/fr\/gestion-de-la-propriete\/#primaryimage\"},\"thumbnailUrl\":\"https:\/\/mrg-home.com\/wp-content\/uploads\/2022\/02\/mantenimiento2.jpg\",\"datePublished\":\"2022-02-03T20:50:39+00:00\",\"dateModified\":\"2023-05-18T13:01:00+00:00\",\"description\":\"Nous avons une vaste exp\u00e9rience dans l'entretien et la gestion de propri\u00e9t\u00e9s \u00e0 Marbella. Qu'il s'agisse d'une location de vacances sur la Costa del Sol, d'un bien locatif performant ou d'une r\u00e9sidence secondaire.\",\"breadcrumb\":{\"@id\":\"https:\/\/mrg-home.com\/fr\/gestion-de-la-propriete\/#breadcrumb\"},\"inLanguage\":\"fr-FR\",\"potentialAction\":[{\"@type\":\"ReadAction\",\"target\":[\"https:\/\/mrg-home.com\/fr\/gestion-de-la-propriete\/\"]}]},{\"@type\":\"ImageObject\",\"inLanguage\":\"fr-FR\",\"@id\":\"https:\/\/mrg-home.com\/fr\/gestion-de-la-propriete\/#primaryimage\",\"url\":\"https:\/\/mrg-home.com\/wp-content\/uploads\/2022\/02\/mantenimiento2.jpg\",\"contentUrl\":\"https:\/\/mrg-home.com\/wp-content\/uploads\/2022\/02\/mantenimiento2.jpg\"},{\"@type\":\"BreadcrumbList\",\"@id\":\"https:\/\/mrg-home.com\/fr\/gestion-de-la-propriete\/#breadcrumb\",\"itemListElement\":[{\"@type\":\"ListItem\",\"position\":1,\"name\":\"Portada\",\"item\":\"https:\/\/mrg-home.com\/fr\/inicio\/\"},{\"@type\":\"ListItem\",\"position\":2,\"name\":\"Gestion de la propri\u00e9t\u00e9\"}]},{\"@type\":\"WebSite\",\"@id\":\"https:\/\/mrg-home.com\/en\/#website\",\"url\":\"https:\/\/mrg-home.com\/en\/\",\"name\":\"MRG Home\",\"description\":\"Tu inmobiliaria en la Costa del Sol\",\"publisher\":{\"@id\":\"https:\/\/mrg-home.com\/en\/#organization\"},\"potentialAction\":[{\"@type\":\"SearchAction\",\"target\":{\"@type\":\"EntryPoint\",\"urlTemplate\":\"https:\/\/mrg-home.com\/en\/?s={search_term_string}\"},\"query-input\":{\"@type\":\"PropertyValueSpecification\",\"valueRequired\":true,\"valueName\":\"search_term_string\"}}],\"inLanguage\":\"fr-FR\"},{\"@type\":\"Organization\",\"@id\":\"https:\/\/mrg-home.com\/en\/#organization\",\"name\":\"MRG Home\",\"url\":\"https:\/\/mrg-home.com\/en\/\",\"logo\":{\"@type\":\"ImageObject\",\"inLanguage\":\"fr-FR\",\"@id\":\"https:\/\/mrg-home.com\/en\/#\/schema\/logo\/image\/\",\"url\":\"https:\/\/mrg-home.com\/wp-content\/uploads\/2022\/01\/logomrg-1.png\",\"contentUrl\":\"https:\/\/mrg-home.com\/wp-content\/uploads\/2022\/01\/logomrg-1.png\",\"width\":196,\"height\":96,\"caption\":\"MRG Home\"},\"image\":{\"@id\":\"https:\/\/mrg-home.com\/en\/#\/schema\/logo\/image\/\"},\"sameAs\":[\"https:\/\/www.facebook.com\/people\/MRG-Home-Marbella\/100083362450035\/\",\"https:\/\/www.youtube.com\/@MRG-HOME\"]}]}<\/script>\n<!-- \/ Yoast SEO plugin. -->","yoast_head_json":{"title":"Gestion de la propri\u00e9t\u00e9 - MRG Home","description":"Nous avons une vaste exp\u00e9rience dans l'entretien et la gestion de propri\u00e9t\u00e9s \u00e0 Marbella. Qu'il s'agisse d'une location de vacances sur la Costa del Sol, d'un bien locatif performant ou d'une r\u00e9sidence secondaire.","robots":{"index":"index","follow":"follow","max-snippet":"max-snippet:-1","max-image-preview":"max-image-preview:large","max-video-preview":"max-video-preview:-1"},"canonical":"https:\/\/mrg-home.com\/fr\/gestion-de-la-propriete\/","og_locale":"fr_FR","og_type":"article","og_title":"Gestion de la propri\u00e9t\u00e9 - MRG Home","og_description":"Nous avons une vaste exp\u00e9rience dans l'entretien et la gestion de propri\u00e9t\u00e9s \u00e0 Marbella. Qu'il s'agisse d'une location de vacances sur la Costa del Sol, d'un bien locatif performant ou d'une r\u00e9sidence secondaire.","og_url":"https:\/\/mrg-home.com\/fr\/gestion-de-la-propriete\/","og_site_name":"MRG Home","article_publisher":"https:\/\/www.facebook.com\/people\/MRG-Home-Marbella\/100083362450035\/","article_modified_time":"2023-05-18T13:01:00+00:00","og_image":[{"url":"https:\/\/mrg-home.com\/wp-content\/uploads\/2022\/02\/mantenimiento2.jpg","type":"","width":"","height":""}],"twitter_card":"summary_large_image","twitter_misc":{"Dur\u00e9e de lecture estim\u00e9e":"2 minutes"},"schema":{"@context":"https:\/\/schema.org","@graph":[{"@type":"WebPage","@id":"https:\/\/mrg-home.com\/fr\/gestion-de-la-propriete\/","url":"https:\/\/mrg-home.com\/fr\/gestion-de-la-propriete\/","name":"Gestion de la propri\u00e9t\u00e9 - MRG Home","isPartOf":{"@id":"https:\/\/mrg-home.com\/en\/#website"},"primaryImageOfPage":{"@id":"https:\/\/mrg-home.com\/fr\/gestion-de-la-propriete\/#primaryimage"},"image":{"@id":"https:\/\/mrg-home.com\/fr\/gestion-de-la-propriete\/#primaryimage"},"thumbnailUrl":"https:\/\/mrg-home.com\/wp-content\/uploads\/2022\/02\/mantenimiento2.jpg","datePublished":"2022-02-03T20:50:39+00:00","dateModified":"2023-05-18T13:01:00+00:00","description":"Nous avons une vaste exp\u00e9rience dans l'entretien et la gestion de propri\u00e9t\u00e9s \u00e0 Marbella. Qu'il s'agisse d'une location de vacances sur la Costa del Sol, d'un bien locatif performant ou d'une r\u00e9sidence secondaire.","breadcrumb":{"@id":"https:\/\/mrg-home.com\/fr\/gestion-de-la-propriete\/#breadcrumb"},"inLanguage":"fr-FR","potentialAction":[{"@type":"ReadAction","target":["https:\/\/mrg-home.com\/fr\/gestion-de-la-propriete\/"]}]},{"@type":"ImageObject","inLanguage":"fr-FR","@id":"https:\/\/mrg-home.com\/fr\/gestion-de-la-propriete\/#primaryimage","url":"https:\/\/mrg-home.com\/wp-content\/uploads\/2022\/02\/mantenimiento2.jpg","contentUrl":"https:\/\/mrg-home.com\/wp-content\/uploads\/2022\/02\/mantenimiento2.jpg"},{"@type":"BreadcrumbList","@id":"https:\/\/mrg-home.com\/fr\/gestion-de-la-propriete\/#breadcrumb","itemListElement":[{"@type":"ListItem","position":1,"name":"Portada","item":"https:\/\/mrg-home.com\/fr\/inicio\/"},{"@type":"ListItem","position":2,"name":"Gestion de la propri\u00e9t\u00e9"}]},{"@type":"WebSite","@id":"https:\/\/mrg-home.com\/en\/#website","url":"https:\/\/mrg-home.com\/en\/","name":"MRG Home","description":"Tu inmobiliaria en la Costa del Sol","publisher":{"@id":"https:\/\/mrg-home.com\/en\/#organization"},"potentialAction":[{"@type":"SearchAction","target":{"@type":"EntryPoint","urlTemplate":"https:\/\/mrg-home.com\/en\/?s={search_term_string}"},"query-input":{"@type":"PropertyValueSpecification","valueRequired":true,"valueName":"search_term_string"}}],"inLanguage":"fr-FR"},{"@type":"Organization","@id":"https:\/\/mrg-home.com\/en\/#organization","name":"MRG Home","url":"https:\/\/mrg-home.com\/en\/","logo":{"@type":"ImageObject","inLanguage":"fr-FR","@id":"https:\/\/mrg-home.com\/en\/#\/schema\/logo\/image\/","url":"https:\/\/mrg-home.com\/wp-content\/uploads\/2022\/01\/logomrg-1.png","contentUrl":"https:\/\/mrg-home.com\/wp-content\/uploads\/2022\/01\/logomrg-1.png","width":196,"height":96,"caption":"MRG Home"},"image":{"@id":"https:\/\/mrg-home.com\/en\/#\/schema\/logo\/image\/"},"sameAs":["https:\/\/www.facebook.com\/people\/MRG-Home-Marbella\/100083362450035\/","https:\/\/www.youtube.com\/@MRG-HOME"]}]}},"_links":{"self":[{"href":"https:\/\/mrg-home.com\/fr\/wp-json\/wp\/v2\/pages\/30294","targetHints":{"allow":["GET"]}}],"collection":[{"href":"https:\/\/mrg-home.com\/fr\/wp-json\/wp\/v2\/pages"}],"about":[{"href":"https:\/\/mrg-home.com\/fr\/wp-json\/wp\/v2\/types\/page"}],"author":[{"embeddable":true,"href":"https:\/\/mrg-home.com\/fr\/wp-json\/wp\/v2\/users\/1"}],"replies":[{"embeddable":true,"href":"https:\/\/mrg-home.com\/fr\/wp-json\/wp\/v2\/comments?post=30294"}],"version-history":[{"count":3,"href":"https:\/\/mrg-home.com\/fr\/wp-json\/wp\/v2\/pages\/30294\/revisions"}],"predecessor-version":[{"id":30945,"href":"https:\/\/mrg-home.com\/fr\/wp-json\/wp\/v2\/pages\/30294\/revisions\/30945"}],"wp:attachment":[{"href":"https:\/\/mrg-home.com\/fr\/wp-json\/wp\/v2\/media?parent=30294"}],"curies":[{"name":"wp","href":"https:\/\/api.w.org\/{rel}","templated":true}]}}