{"id":61838,"date":"2025-11-07T14:33:17","date_gmt":"2025-11-07T14:33:17","guid":{"rendered":"https:\/\/mrg-home.com\/kontakt\/"},"modified":"2025-11-07T14:33:17","modified_gmt":"2025-11-07T14:33:17","slug":"kontakt","status":"publish","type":"page","link":"https:\/\/mrg-home.com\/cs\/kontakt\/","title":{"rendered":"Kontakt"},"content":{"rendered":"\t\t<div data-elementor-type=\"wp-page\" data-elementor-id=\"61838\" class=\"elementor elementor-61838 elementor-5707\">\n\t\t\t\t\t\t\t\t\t<section class=\"elementor-section elementor-top-section elementor-element elementor-element-6ca96cd5 elementor-section-boxed elementor-section-height-default elementor-section-height-default\" data-id=\"6ca96cd5\" data-element_type=\"section\">\n\t\t\t\t\t\t<div class=\"elementor-container elementor-column-gap-default\">\n\t\t\t\t\t<div class=\"elementor-column elementor-col-100 elementor-top-column elementor-element elementor-element-15f219f4\" data-id=\"15f219f4\" data-element_type=\"column\">\n\t\t\t<div class=\"elementor-widget-wrap elementor-element-populated\">\n\t\t\t\t\t\t\t\t<div class=\"elementor-element elementor-element-1e350f0 elementor-widget elementor-widget-text-editor\" data-id=\"1e350f0\" data-element_type=\"widget\" data-widget_type=\"text-editor.default\">\n\t\t\t\t<div class=\"elementor-widget-container\">\n\t\t\t<style>\/*! elementor - v3.16.0 - 20-09-2023 *\/\n.elementor-widget-text-editor.elementor-drop-cap-view-stacked .elementor-drop-cap{background-color:#69727d;color:#fff}.elementor-widget-text-editor.elementor-drop-cap-view-framed .elementor-drop-cap{color:#69727d;border:3px solid;background-color:transparent}.elementor-widget-text-editor:not(.elementor-drop-cap-view-default) .elementor-drop-cap{margin-top:8px}.elementor-widget-text-editor:not(.elementor-drop-cap-view-default) .elementor-drop-cap-letter{width:1em;height:1em}.elementor-widget-text-editor .elementor-drop-cap{float:left;text-align:center;line-height:1;font-size:50px}.elementor-widget-text-editor .elementor-drop-cap-letter{display:inline-block}<\/style>\t\t\t\t<p><\/p>\n<p>P\u0159idejte se k rodin\u011b MRG-HOME.<br>Napi\u0161te sv\u016fj vlastn\u00ed p\u0159\u00edb\u011bh v r\u00e1mci p\u0159edn\u00ed spole\u010dnosti v oblasti nemovitost\u00ed.<\/p>\n<p><\/p>\n<p><\/p>\n<div class=\"wp-block-spacer\" style=\"height: 20px;\" aria-hidden=\"true\"> <\/div>\n<p><\/p>\n<p><\/p>\n<p>A\u0165 u\u017e hled\u00e1te nemovitost k prodeji nebo pron\u00e1jmu ve \u0160pan\u011blsku, MRG-HOME v\u00e1m hled\u00e1n\u00ed usnadn\u00ed. Nab\u00edz\u00edme na\u0161im klient\u016fm rozs\u00e1hl\u00e9 znalosti o v\u0161ech aspektech koup\u011b nebo prodeje domu. <\/p>\n<p><\/p>\n<p><\/p>\n<div class=\"wp-block-spacer\" style=\"height: 20px;\" aria-hidden=\"true\"> <\/div>\n<p><\/p>\n<p><\/p>\n<p>Nev\u00e1hejte n\u00e1s kontaktovat s jak\u00fdmikoli dotazy nebo po\u017eadavky.<\/p>\n<p><\/p>\t\t\t\t\t\t<\/div>\n\t\t\t\t<\/div>\n\t\t\t\t\t<\/div>\n\t\t<\/div>\n\t\t\t\t\t\t\t<\/div>\n\t\t<\/section>\n\t\t\t\t\t\t\t<\/div>\n\t\t","protected":false},"excerpt":{"rendered":"<p>P\u0159idejte se k rodin\u011b MRG-HOME.Napi\u0161te sv\u016fj vlastn\u00ed p\u0159\u00edb\u011bh v r\u00e1mci p\u0159edn\u00ed spole\u010dnosti v oblasti nemovitost\u00ed. A\u0165 u\u017e hled\u00e1te nemovitost k prodeji nebo pron\u00e1jmu ve \u0160pan\u011blsku, MRG-HOME v\u00e1m hled\u00e1n\u00ed usnadn\u00ed. Nab\u00edz\u00edme na\u0161im klient\u016fm rozs\u00e1hl\u00e9 znalosti o v\u0161ech aspektech koup\u011b nebo prodeje domu. Nev\u00e1hejte n\u00e1s kontaktovat s jak\u00fdmikoli dotazy nebo po\u017eadavky.<\/p>\n","protected":false},"author":1,"featured_media":0,"parent":0,"menu_order":0,"comment_status":"open","ping_status":"open","template":"contact_page.php","meta":{"om_disable_all_campaigns":false,"_monsterinsights_skip_tracking":false,"_monsterinsights_sitenote_active":false,"_monsterinsights_sitenote_note":"","_monsterinsights_sitenote_category":0,"footnotes":""},"class_list":["post-61838","page","type-page","status-publish","hentry"],"yoast_head":"<!-- This site is optimized with the Yoast SEO plugin v25.8 - https:\/\/yoast.com\/wordpress\/plugins\/seo\/ -->\n<title>Kontakt - MRG Home<\/title>\n<meta name=\"robots\" content=\"index, follow, max-snippet:-1, max-image-preview:large, max-video-preview:-1\" \/>\n<link rel=\"canonical\" href=\"https:\/\/mrg-home.com\/cs\/kontakt\/\" \/>\n<meta property=\"og:locale\" content=\"cs_CZ\" \/>\n<meta property=\"og:type\" content=\"article\" \/>\n<meta property=\"og:title\" content=\"Kontakt - MRG Home\" \/>\n<meta property=\"og:description\" content=\"P\u0159idejte se k rodin\u011b MRG-HOME.Napi\u0161te sv\u016fj vlastn\u00ed p\u0159\u00edb\u011bh v r\u00e1mci p\u0159edn\u00ed spole\u010dnosti v oblasti nemovitost\u00ed. A\u0165 u\u017e hled\u00e1te nemovitost k prodeji nebo pron\u00e1jmu ve \u0160pan\u011blsku, MRG-HOME v\u00e1m hled\u00e1n\u00ed usnadn\u00ed. Nab\u00edz\u00edme na\u0161im klient\u016fm rozs\u00e1hl\u00e9 znalosti o v\u0161ech aspektech koup\u011b nebo prodeje domu. Nev\u00e1hejte n\u00e1s kontaktovat s jak\u00fdmikoli dotazy nebo po\u017eadavky.\" \/>\n<meta property=\"og:url\" content=\"https:\/\/mrg-home.com\/cs\/kontakt\/\" \/>\n<meta property=\"og:site_name\" content=\"MRG Home\" \/>\n<meta property=\"article:publisher\" content=\"https:\/\/www.facebook.com\/people\/MRG-Home-Marbella\/100083362450035\/\" \/>\n<meta name=\"twitter:card\" content=\"summary_large_image\" \/>\n<script type=\"application\/ld+json\" class=\"yoast-schema-graph\">{\"@context\":\"https:\/\/schema.org\",\"@graph\":[{\"@type\":\"WebPage\",\"@id\":\"https:\/\/mrg-home.com\/cs\/kontakt\/\",\"url\":\"https:\/\/mrg-home.com\/cs\/kontakt\/\",\"name\":\"Kontakt - MRG Home\",\"isPartOf\":{\"@id\":\"https:\/\/mrg-home.com\/en\/#website\"},\"datePublished\":\"2025-11-07T14:33:17+00:00\",\"breadcrumb\":{\"@id\":\"https:\/\/mrg-home.com\/cs\/kontakt\/#breadcrumb\"},\"inLanguage\":\"cs\",\"potentialAction\":[{\"@type\":\"ReadAction\",\"target\":[\"https:\/\/mrg-home.com\/cs\/kontakt\/\"]}]},{\"@type\":\"BreadcrumbList\",\"@id\":\"https:\/\/mrg-home.com\/cs\/kontakt\/#breadcrumb\",\"itemListElement\":[{\"@type\":\"ListItem\",\"position\":1,\"name\":\"Portada\",\"item\":\"https:\/\/mrg-home.com\/cs\/start\/\"},{\"@type\":\"ListItem\",\"position\":2,\"name\":\"Kontakt\"}]},{\"@type\":\"WebSite\",\"@id\":\"https:\/\/mrg-home.com\/en\/#website\",\"url\":\"https:\/\/mrg-home.com\/en\/\",\"name\":\"MRG Home\",\"description\":\"Tu inmobiliaria en la Costa del Sol\",\"publisher\":{\"@id\":\"https:\/\/mrg-home.com\/en\/#organization\"},\"potentialAction\":[{\"@type\":\"SearchAction\",\"target\":{\"@type\":\"EntryPoint\",\"urlTemplate\":\"https:\/\/mrg-home.com\/en\/?s={search_term_string}\"},\"query-input\":{\"@type\":\"PropertyValueSpecification\",\"valueRequired\":true,\"valueName\":\"search_term_string\"}}],\"inLanguage\":\"cs\"},{\"@type\":\"Organization\",\"@id\":\"https:\/\/mrg-home.com\/en\/#organization\",\"name\":\"MRG Home\",\"url\":\"https:\/\/mrg-home.com\/en\/\",\"logo\":{\"@type\":\"ImageObject\",\"inLanguage\":\"cs\",\"@id\":\"https:\/\/mrg-home.com\/en\/#\/schema\/logo\/image\/\",\"url\":\"https:\/\/mrg-home.com\/wp-content\/uploads\/2022\/01\/logomrg-1.png\",\"contentUrl\":\"https:\/\/mrg-home.com\/wp-content\/uploads\/2022\/01\/logomrg-1.png\",\"width\":196,\"height\":96,\"caption\":\"MRG Home\"},\"image\":{\"@id\":\"https:\/\/mrg-home.com\/en\/#\/schema\/logo\/image\/\"},\"sameAs\":[\"https:\/\/www.facebook.com\/people\/MRG-Home-Marbella\/100083362450035\/\",\"https:\/\/www.youtube.com\/@MRG-HOME\"]}]}<\/script>\n<!-- \/ Yoast SEO plugin. -->","yoast_head_json":{"title":"Kontakt - MRG Home","robots":{"index":"index","follow":"follow","max-snippet":"max-snippet:-1","max-image-preview":"max-image-preview:large","max-video-preview":"max-video-preview:-1"},"canonical":"https:\/\/mrg-home.com\/cs\/kontakt\/","og_locale":"cs_CZ","og_type":"article","og_title":"Kontakt - MRG Home","og_description":"P\u0159idejte se k rodin\u011b MRG-HOME.Napi\u0161te sv\u016fj vlastn\u00ed p\u0159\u00edb\u011bh v r\u00e1mci p\u0159edn\u00ed spole\u010dnosti v oblasti nemovitost\u00ed. A\u0165 u\u017e hled\u00e1te nemovitost k prodeji nebo pron\u00e1jmu ve \u0160pan\u011blsku, MRG-HOME v\u00e1m hled\u00e1n\u00ed usnadn\u00ed. Nab\u00edz\u00edme na\u0161im klient\u016fm rozs\u00e1hl\u00e9 znalosti o v\u0161ech aspektech koup\u011b nebo prodeje domu. Nev\u00e1hejte n\u00e1s kontaktovat s jak\u00fdmikoli dotazy nebo po\u017eadavky.","og_url":"https:\/\/mrg-home.com\/cs\/kontakt\/","og_site_name":"MRG Home","article_publisher":"https:\/\/www.facebook.com\/people\/MRG-Home-Marbella\/100083362450035\/","twitter_card":"summary_large_image","schema":{"@context":"https:\/\/schema.org","@graph":[{"@type":"WebPage","@id":"https:\/\/mrg-home.com\/cs\/kontakt\/","url":"https:\/\/mrg-home.com\/cs\/kontakt\/","name":"Kontakt - MRG Home","isPartOf":{"@id":"https:\/\/mrg-home.com\/en\/#website"},"datePublished":"2025-11-07T14:33:17+00:00","breadcrumb":{"@id":"https:\/\/mrg-home.com\/cs\/kontakt\/#breadcrumb"},"inLanguage":"cs","potentialAction":[{"@type":"ReadAction","target":["https:\/\/mrg-home.com\/cs\/kontakt\/"]}]},{"@type":"BreadcrumbList","@id":"https:\/\/mrg-home.com\/cs\/kontakt\/#breadcrumb","itemListElement":[{"@type":"ListItem","position":1,"name":"Portada","item":"https:\/\/mrg-home.com\/cs\/start\/"},{"@type":"ListItem","position":2,"name":"Kontakt"}]},{"@type":"WebSite","@id":"https:\/\/mrg-home.com\/en\/#website","url":"https:\/\/mrg-home.com\/en\/","name":"MRG Home","description":"Tu inmobiliaria en la Costa del Sol","publisher":{"@id":"https:\/\/mrg-home.com\/en\/#organization"},"potentialAction":[{"@type":"SearchAction","target":{"@type":"EntryPoint","urlTemplate":"https:\/\/mrg-home.com\/en\/?s={search_term_string}"},"query-input":{"@type":"PropertyValueSpecification","valueRequired":true,"valueName":"search_term_string"}}],"inLanguage":"cs"},{"@type":"Organization","@id":"https:\/\/mrg-home.com\/en\/#organization","name":"MRG Home","url":"https:\/\/mrg-home.com\/en\/","logo":{"@type":"ImageObject","inLanguage":"cs","@id":"https:\/\/mrg-home.com\/en\/#\/schema\/logo\/image\/","url":"https:\/\/mrg-home.com\/wp-content\/uploads\/2022\/01\/logomrg-1.png","contentUrl":"https:\/\/mrg-home.com\/wp-content\/uploads\/2022\/01\/logomrg-1.png","width":196,"height":96,"caption":"MRG Home"},"image":{"@id":"https:\/\/mrg-home.com\/en\/#\/schema\/logo\/image\/"},"sameAs":["https:\/\/www.facebook.com\/people\/MRG-Home-Marbella\/100083362450035\/","https:\/\/www.youtube.com\/@MRG-HOME"]}]}},"_links":{"self":[{"href":"https:\/\/mrg-home.com\/cs\/wp-json\/wp\/v2\/pages\/61838","targetHints":{"allow":["GET"]}}],"collection":[{"href":"https:\/\/mrg-home.com\/cs\/wp-json\/wp\/v2\/pages"}],"about":[{"href":"https:\/\/mrg-home.com\/cs\/wp-json\/wp\/v2\/types\/page"}],"author":[{"embeddable":true,"href":"https:\/\/mrg-home.com\/cs\/wp-json\/wp\/v2\/users\/1"}],"replies":[{"embeddable":true,"href":"https:\/\/mrg-home.com\/cs\/wp-json\/wp\/v2\/comments?post=61838"}],"version-history":[{"count":1,"href":"https:\/\/mrg-home.com\/cs\/wp-json\/wp\/v2\/pages\/61838\/revisions"}],"predecessor-version":[{"id":61839,"href":"https:\/\/mrg-home.com\/cs\/wp-json\/wp\/v2\/pages\/61838\/revisions\/61839"}],"wp:attachment":[{"href":"https:\/\/mrg-home.com\/cs\/wp-json\/wp\/v2\/media?parent=61838"}],"curies":[{"name":"wp","href":"https:\/\/api.w.org\/{rel}","templated":true}]}}