{"id":61829,"date":"2025-11-07T14:22:30","date_gmt":"2025-11-07T14:22:30","guid":{"rendered":"https:\/\/mrg-home.com\/sprava-nemovitosti\/"},"modified":"2025-11-07T14:22:30","modified_gmt":"2025-11-07T14:22:30","slug":"sprava-nemovitosti","status":"publish","type":"page","link":"https:\/\/mrg-home.com\/cs\/sprava-nemovitosti\/","title":{"rendered":"Spr\u00e1va nemovitost\u00ed"},"content":{"rendered":"\t\t<div data-elementor-type=\"wp-page\" data-elementor-id=\"61829\" class=\"elementor elementor-61829 elementor-19724\">\n\t\t\t\t\t\t\t\t\t<section class=\"elementor-section elementor-top-section elementor-element elementor-element-e5d1154 elementor-section-boxed elementor-section-height-default elementor-section-height-default\" data-id=\"e5d1154\" data-element_type=\"section\">\n\t\t\t\t\t\t<div class=\"elementor-container elementor-column-gap-default\">\n\t\t\t\t\t<div class=\"elementor-column elementor-col-100 elementor-top-column elementor-element elementor-element-704d3c3\" data-id=\"704d3c3\" data-element_type=\"column\">\n\t\t\t<div class=\"elementor-widget-wrap elementor-element-populated\">\n\t\t\t\t\t\t\t\t<div class=\"elementor-element elementor-element-70a3969 elementor-widget elementor-widget-heading\" data-id=\"70a3969\" data-element_type=\"widget\" data-widget_type=\"heading.default\">\n\t\t\t\t<div class=\"elementor-widget-container\">\n\t\t\t<style>\/*! elementor - v3.16.0 - 20-09-2023 *\/\n.elementor-heading-title{padding:0;margin:0;line-height:1}.elementor-widget-heading .elementor-heading-title[class*=elementor-size-]>a{color:inherit;font-size:inherit;line-height:inherit}.elementor-widget-heading .elementor-heading-title.elementor-size-small{font-size:15px}.elementor-widget-heading .elementor-heading-title.elementor-size-medium{font-size:19px}.elementor-widget-heading .elementor-heading-title.elementor-size-large{font-size:29px}.elementor-widget-heading .elementor-heading-title.elementor-size-xl{font-size:39px}.elementor-widget-heading .elementor-heading-title.elementor-size-xxl{font-size:59px}<\/style><h2 class=\"elementor-heading-title elementor-size-default\">Spr\u00e1va nemovitost\u00ed<\/h2>\t\t<\/div>\n\t\t\t\t<\/div>\n\t\t\t\t<div class=\"elementor-element elementor-element-b1934d2 elementor-widget elementor-widget-text-editor\" data-id=\"b1934d2\" data-element_type=\"widget\" data-widget_type=\"text-editor.default\">\n\t\t\t\t<div class=\"elementor-widget-container\">\n\t\t\t<style>\/*! elementor - v3.16.0 - 20-09-2023 *\/\n.elementor-widget-text-editor.elementor-drop-cap-view-stacked .elementor-drop-cap{background-color:#69727d;color:#fff}.elementor-widget-text-editor.elementor-drop-cap-view-framed .elementor-drop-cap{color:#69727d;border:3px solid;background-color:transparent}.elementor-widget-text-editor:not(.elementor-drop-cap-view-default) .elementor-drop-cap{margin-top:8px}.elementor-widget-text-editor:not(.elementor-drop-cap-view-default) .elementor-drop-cap-letter{width:1em;height:1em}.elementor-widget-text-editor .elementor-drop-cap{float:left;text-align:center;line-height:1;font-size:50px}.elementor-widget-text-editor .elementor-drop-cap-letter{display:inline-block}<\/style>\t\t\t\t<p style=\"text-align: justify;\"><strong>MRG-HOME <\/strong>nab\u00edz\u00ed profesion\u00e1ln\u00ed a zku\u0161en\u00e9 slu\u017eby na realitn\u00edm trhu na Costa del Sol. M\u00e1me rozs\u00e1hl\u00e9 zku\u0161enosti s \u00fadr\u017ebou a \u00fadr\u017ebou nemovitost\u00ed v Marbelle. Majitel\u016fm poskytujeme prvot\u0159\u00eddn\u00ed slu\u017eby spr\u00e1vy a \u00fadr\u017eby nemovitost\u00ed. A\u0165 u\u017e se jedn\u00e1 o rekrea\u010dn\u00ed pron\u00e1jem na Costa del Sol, vysoce v\u00fdnosnou nemovitost k pron\u00e1jmu nebo druh\u00fd domov, star\u00e1me se o va\u0161e nemovitosti, jako by byly na\u0161e vlastn\u00ed. <strong>MRG-HOME<\/strong> v\u00e1m zaru\u010duje klid, kdy\u017e jste mimo sv\u00e9 bydli\u0161t\u011b.   <\/p><p style=\"text-align: justify;\">N\u00e1\u0161 specializovan\u00fd t\u00fdm poskytuje exkluzivn\u00ed a personalizovan\u00e9 slu\u017eby a star\u00e1 se o v\u0161echny aspekty souvisej\u00edc\u00ed se spr\u00e1vou a \u00fadr\u017ebou va\u0161\u00ed nemovitosti.<\/p><p style=\"text-align: justify;\">A\u0165 u\u017e je va\u0161\u00ed nemovitost\u00ed druh\u00fd domov na Costa del Sol pouze pro osobn\u00ed pot\u0159ebu, nebo vysoce v\u00fdkonn\u00fd rekrea\u010dn\u00ed pron\u00e1jem, zbavte se starost\u00ed s domluvou slu\u017eeb, p\u0159ij\u00edm\u00e1n\u00edm a odsouhlasov\u00e1n\u00edm plateb a spr\u00e1vou popt\u00e1vek a rezervac\u00ed. <\/p>\t\t\t\t\t\t<\/div>\n\t\t\t\t<\/div>\n\t\t\t\t\t<\/div>\n\t\t<\/div>\n\t\t\t\t\t\t\t<\/div>\n\t\t<\/section>\n\t\t\t\t<section class=\"elementor-section elementor-top-section elementor-element elementor-element-9951c9c elementor-section-boxed elementor-section-height-default elementor-section-height-default\" data-id=\"9951c9c\" data-element_type=\"section\">\n\t\t\t\t\t\t<div class=\"elementor-container elementor-column-gap-default\">\n\t\t\t\t\t<div class=\"elementor-column elementor-col-33 elementor-top-column elementor-element elementor-element-de3f274\" data-id=\"de3f274\" data-element_type=\"column\">\n\t\t\t<div class=\"elementor-widget-wrap elementor-element-populated\">\n\t\t\t\t\t\t\t\t<div class=\"elementor-element elementor-element-89dcf94 elementor-widget elementor-widget-image\" data-id=\"89dcf94\" data-element_type=\"widget\" data-widget_type=\"image.default\">\n\t\t\t\t<div class=\"elementor-widget-container\">\n\t\t\t<style>\/*! elementor - v3.16.0 - 20-09-2023 *\/\n.elementor-widget-image{text-align:center}.elementor-widget-image a{display:inline-block}.elementor-widget-image a img[src$=\".svg\"]{width:48px}.elementor-widget-image img{vertical-align:middle;display:inline-block}<\/style>\t\t\t\t\t\t\t\t\t\t\t\t<img loading=\"lazy\" decoding=\"async\" width=\"490\" height=\"700\" src=\"https:\/\/mrg-home.com\/wp-content\/uploads\/2022\/02\/mantenimiento2.jpg\" class=\"attachment-large size-large wp-image-61831\" alt=\"\" srcset=\"https:\/\/mrg-home.com\/wp-content\/uploads\/2022\/02\/mantenimiento2.jpg 490w, https:\/\/mrg-home.com\/wp-content\/uploads\/2022\/02\/mantenimiento2-210x300.jpg 210w\" sizes=\"auto, (max-width: 490px) 100vw, 490px\" \/>\t\t\t\t\t\t\t\t\t\t\t\t\t\t\t<\/div>\n\t\t\t\t<\/div>\n\t\t\t\t\t<\/div>\n\t\t<\/div>\n\t\t\t\t<div class=\"elementor-column elementor-col-66 elementor-top-column elementor-element elementor-element-21ddae3\" data-id=\"21ddae3\" data-element_type=\"column\">\n\t\t\t<div class=\"elementor-widget-wrap elementor-element-populated\">\n\t\t\t\t\t\t\t\t<div class=\"elementor-element elementor-element-1c51b17 elementor-widget elementor-widget-heading\" data-id=\"1c51b17\" data-element_type=\"widget\" data-widget_type=\"heading.default\">\n\t\t\t\t<div class=\"elementor-widget-container\">\n\t\t\t<h2 class=\"elementor-heading-title elementor-size-default\">\u00dadr\u017eba nemovitost\u00ed<\/h2>\t\t<\/div>\n\t\t\t\t<\/div>\n\t\t\t\t<div class=\"elementor-element elementor-element-747445f elementor-widget elementor-widget-text-editor\" data-id=\"747445f\" data-element_type=\"widget\" data-widget_type=\"text-editor.default\">\n\t\t\t\t<div class=\"elementor-widget-container\">\n\t\t\t\t\t\t\t<p>N\u00e1\u0161 t\u00fdm odborn\u00edk\u016f na \u00fadr\u017ebu je v\u00e1m v\u017edy k dispozici pro b\u011b\u017enou \u00fadr\u017ebu, malov\u00e1n\u00ed nebo vylep\u0161en\u00ed domu:<\/p><ul><li>\u00dadr\u017eba baz\u00e9nu<\/li><li>Slu\u017eby klimatizace a topen\u00ed<\/li><li>Bezpe\u010dnostn\u00ed a televizn\u00ed syst\u00e9my<\/li><li>Zahr\u00e1dk\u00e1\u0159stv\u00ed<\/li><li>\u00daklidov\u00e9 slu\u017eby<\/li><\/ul>\t\t\t\t\t\t<\/div>\n\t\t\t\t<\/div>\n\t\t\t\t\t<\/div>\n\t\t<\/div>\n\t\t\t\t\t\t\t<\/div>\n\t\t<\/section>\n\t\t\t\t<section class=\"elementor-section elementor-top-section elementor-element elementor-element-b575220 elementor-section-boxed elementor-section-height-default elementor-section-height-default\" data-id=\"b575220\" data-element_type=\"section\">\n\t\t\t\t\t\t<div class=\"elementor-container elementor-column-gap-default\">\n\t\t\t\t\t<div class=\"elementor-column elementor-col-33 elementor-top-column elementor-element elementor-element-f788a57\" data-id=\"f788a57\" data-element_type=\"column\">\n\t\t\t<div class=\"elementor-widget-wrap elementor-element-populated\">\n\t\t\t\t\t\t\t\t<div class=\"elementor-element elementor-element-4c24e7d elementor-widget elementor-widget-image\" data-id=\"4c24e7d\" data-element_type=\"widget\" data-widget_type=\"image.default\">\n\t\t\t\t<div class=\"elementor-widget-container\">\n\t\t\t\t\t\t\t\t\t\t\t\t\t\t\t<img loading=\"lazy\" decoding=\"async\" width=\"400\" height=\"533\" src=\"https:\/\/mrg-home.com\/wp-content\/uploads\/2022\/02\/7-8b51b490ae7dc526cb42772a5c6bbc97-3.jpgv1640105575\" class=\"attachment-large size-large wp-image-30566\" alt=\"\" srcset=\"https:\/\/mrg-home.com\/wp-content\/uploads\/2022\/02\/7-8b51b490ae7dc526cb42772a5c6bbc97-3.jpgv1640105575 400w, https:\/\/mrg-home.com\/wp-content\/uploads\/2022\/02\/7-8b51b490ae7dc526cb42772a5c6bbc97-3-225x300.jpgv1640105575 225w\" sizes=\"auto, (max-width: 400px) 100vw, 400px\" \/>\t\t\t\t\t\t\t\t\t\t\t\t\t\t\t<\/div>\n\t\t\t\t<\/div>\n\t\t\t\t\t<\/div>\n\t\t<\/div>\n\t\t\t\t<div class=\"elementor-column elementor-col-66 elementor-top-column elementor-element elementor-element-0313b4a\" data-id=\"0313b4a\" data-element_type=\"column\">\n\t\t\t<div class=\"elementor-widget-wrap elementor-element-populated\">\n\t\t\t\t\t\t\t\t<div class=\"elementor-element elementor-element-c9883ec elementor-widget elementor-widget-heading\" data-id=\"c9883ec\" data-element_type=\"widget\" data-widget_type=\"heading.default\">\n\t\t\t\t<div class=\"elementor-widget-container\">\n\t\t\t<h2 class=\"elementor-heading-title elementor-size-default\">P\u00e9\u010de o nemovitosti<\/h2>\t\t<\/div>\n\t\t\t\t<\/div>\n\t\t\t\t<div class=\"elementor-element elementor-element-973a12c elementor-widget elementor-widget-text-editor\" data-id=\"973a12c\" data-element_type=\"widget\" data-widget_type=\"text-editor.default\">\n\t\t\t\t<div class=\"elementor-widget-container\">\n\t\t\t\t\t\t\t<ul><li><h4><span style=\"color: #808080;\">Vnit\u0159n\u00ed \u010di\u0161t\u011bn\u00ed<\/span><\/h4><\/li><\/ul><p>Na\u0161e \u00faklidov\u00e9 slu\u017eby jsou na nejvy\u0161\u0161\u00ed \u00farovni, proto\u017ee si zam\u011bstn\u00e1v\u00e1me a \u0161kol\u00edme vlastn\u00ed hospodyn\u011b, m\u00edsto abychom je outsourcovali. Stejn\u011b jako 5hv\u011bzdi\u010dkov\u00fd hotel poskytujeme \u010dist\u00e9 lo\u017en\u00ed pr\u00e1dlo a m\u011bkk\u00e9 ru\u010dn\u00edky, aby se va\u0161i host\u00e9 c\u00edtili pohodln\u011b a spokojen\u011b. <\/p><ul><li><h4><span style=\"color: #808080;\">Mantenimiento<\/span><\/h4><\/li><\/ul><p>Na\u0161i odborn\u00edci na \u00fadr\u017ebu se postaraj\u00ed o v\u0161e, aby byl v\u00e1\u0161 majetek v\u017edy v perfektn\u00edm stavu.<\/p>\t\t\t\t\t\t<\/div>\n\t\t\t\t<\/div>\n\t\t\t\t\t<\/div>\n\t\t<\/div>\n\t\t\t\t\t\t\t<\/div>\n\t\t<\/section>\n\t\t\t\t<section class=\"elementor-section elementor-top-section elementor-element elementor-element-f1488f0 elementor-section-boxed elementor-section-height-default elementor-section-height-default\" data-id=\"f1488f0\" data-element_type=\"section\">\n\t\t\t\t\t\t<div class=\"elementor-container elementor-column-gap-default\">\n\t\t\t\t\t<div class=\"elementor-column elementor-col-33 elementor-top-column elementor-element elementor-element-a5e8b49\" data-id=\"a5e8b49\" data-element_type=\"column\">\n\t\t\t<div class=\"elementor-widget-wrap elementor-element-populated\">\n\t\t\t\t\t\t\t\t<div class=\"elementor-element elementor-element-360a4f6 elementor-widget elementor-widget-image\" data-id=\"360a4f6\" data-element_type=\"widget\" data-widget_type=\"image.default\">\n\t\t\t\t<div class=\"elementor-widget-container\">\n\t\t\t\t\t\t\t\t\t\t\t\t\t\t\t<img loading=\"lazy\" decoding=\"async\" width=\"737\" height=\"553\" src=\"https:\/\/mrg-home.com\/wp-content\/uploads\/2022\/02\/mantenimiento0.jpg\" class=\"attachment-large size-large wp-image-61830\" alt=\"\" srcset=\"https:\/\/mrg-home.com\/wp-content\/uploads\/2022\/02\/mantenimiento0.jpg 737w, https:\/\/mrg-home.com\/wp-content\/uploads\/2022\/02\/mantenimiento0-300x225.jpg 300w\" sizes=\"auto, (max-width: 737px) 100vw, 737px\" \/>\t\t\t\t\t\t\t\t\t\t\t\t\t\t\t<\/div>\n\t\t\t\t<\/div>\n\t\t\t\t\t<\/div>\n\t\t<\/div>\n\t\t\t\t<div class=\"elementor-column elementor-col-66 elementor-top-column elementor-element elementor-element-69cd97a\" data-id=\"69cd97a\" data-element_type=\"column\">\n\t\t\t<div class=\"elementor-widget-wrap elementor-element-populated\">\n\t\t\t\t\t\t\t\t<div class=\"elementor-element elementor-element-efc3514 elementor-widget elementor-widget-heading\" data-id=\"efc3514\" data-element_type=\"widget\" data-widget_type=\"heading.default\">\n\t\t\t\t<div class=\"elementor-widget-container\">\n\t\t\t<h2 class=\"elementor-heading-title elementor-size-default\">Design interi\u00e9ru<\/h2>\t\t<\/div>\n\t\t\t\t<\/div>\n\t\t\t\t<div class=\"elementor-element elementor-element-d5bf3d8 elementor-widget elementor-widget-text-editor\" data-id=\"d5bf3d8\" data-element_type=\"widget\" data-widget_type=\"text-editor.default\">\n\t\t\t\t<div class=\"elementor-widget-container\">\n\t\t\t\t\t\t\t<p>Sofistikovanost, elegance a personalizace tvo\u0159\u00ed z\u00e1klad ka\u017ed\u00e9ho projektu interi\u00e9rov\u00e9ho designu v MRG-HOME. Sv\u011b\u0159te svou vizi do rukou t\u011bch nejlep\u0161\u00edch odborn\u00edk\u016f; vytvo\u0159\u00edte prostor s du\u0161\u00ed a d\u016frazem na detail. <\/p><p>Nab\u00edz\u00edme komplexn\u00ed slu\u017eby od prvotn\u00edho konceptu a\u017e po fin\u00e1ln\u00ed dod\u00e1n\u00ed. Neust\u00e1l\u00e1 komunikace s klientem je na\u0161\u00ed hlavn\u00ed prax\u00ed. <\/p><p>Osobn\u00ed p\u0159\u00edstup a punti\u010dk\u00e1\u0159sk\u00e1 pozornost k detail\u016fm jsou aspekty, na kter\u00e9 MRG-HOME klade zvl\u00e1\u0161tn\u00ed d\u016fraz. To zaji\u0161\u0165uje neust\u00e1l\u00fd dialog s klientem od za\u010d\u00e1tku do konce.  <\/p><p>V MRG-HOME je ka\u017ed\u00fd klient jin\u00fd, tak\u017ee ka\u017ed\u00fd projekt je synonymem pro v\u00e1\u0161e\u0148 a oddanost interi\u00e9rov\u00e9mu designu.<\/p><p> <\/p>\t\t\t\t\t\t<\/div>\n\t\t\t\t<\/div>\n\t\t\t\t\t<\/div>\n\t\t<\/div>\n\t\t\t\t\t\t\t<\/div>\n\t\t<\/section>\n\t\t\t\t<section class=\"elementor-section elementor-top-section elementor-element elementor-element-1935df2 elementor-section-boxed elementor-section-height-default elementor-section-height-default\" data-id=\"1935df2\" data-element_type=\"section\">\n\t\t\t\t\t\t<div class=\"elementor-container elementor-column-gap-default\">\n\t\t\t\t\t<div class=\"elementor-column elementor-col-33 elementor-top-column elementor-element elementor-element-2efc3bf\" data-id=\"2efc3bf\" data-element_type=\"column\">\n\t\t\t<div class=\"elementor-widget-wrap\">\n\t\t\t\t\t\t\t\t\t<\/div>\n\t\t<\/div>\n\t\t\t\t<div class=\"elementor-column elementor-col-66 elementor-top-column elementor-element elementor-element-a2ed8f2\" data-id=\"a2ed8f2\" data-element_type=\"column\">\n\t\t\t<div class=\"elementor-widget-wrap\">\n\t\t\t\t\t\t\t\t\t<\/div>\n\t\t<\/div>\n\t\t\t\t\t\t\t<\/div>\n\t\t<\/section>\n\t\t\t\t\t\t\t<\/div>\n\t\t","protected":false},"excerpt":{"rendered":"<p>Spr\u00e1va nemovitost\u00ed MRG-HOME nab\u00edz\u00ed profesion\u00e1ln\u00ed a zku\u0161en\u00e9 slu\u017eby na realitn\u00edm trhu na Costa del Sol. M\u00e1me rozs\u00e1hl\u00e9 zku\u0161enosti s \u00fadr\u017ebou a \u00fadr\u017ebou nemovitost\u00ed v Marbelle. Majitel\u016fm poskytujeme prvot\u0159\u00eddn\u00ed slu\u017eby spr\u00e1vy a \u00fadr\u017eby nemovitost\u00ed. A\u0165 u\u017e se jedn\u00e1 o rekrea\u010dn\u00ed pron\u00e1jem na Costa del Sol, vysoce v\u00fdnosnou nemovitost k pron\u00e1jmu nebo druh\u00fd domov, star\u00e1me se o va\u0161e nemovitosti, jako by byly na\u0161e vlastn\u00ed. MRG-HOME v\u00e1m &#8230;<\/p>\n","protected":false},"author":1,"featured_media":0,"parent":0,"menu_order":0,"comment_status":"closed","ping_status":"closed","template":"","meta":{"om_disable_all_campaigns":false,"_monsterinsights_skip_tracking":false,"_monsterinsights_sitenote_active":false,"_monsterinsights_sitenote_note":"","_monsterinsights_sitenote_category":0,"footnotes":""},"class_list":["post-61829","page","type-page","status-publish","hentry"],"yoast_head":"<!-- This site is optimized with the Yoast SEO plugin v25.8 - https:\/\/yoast.com\/wordpress\/plugins\/seo\/ -->\n<title>Spr\u00e1va nemovitost\u00ed - MRG Home<\/title>\n<meta name=\"description\" content=\"M\u00e1me rozs\u00e1hl\u00e9 zku\u0161enosti s \u00fadr\u017ebou a spr\u00e1vou nemovitost\u00ed v Marbelle. A\u0165 u\u017e se jedn\u00e1 o rekrea\u010dn\u00ed pron\u00e1jem na pob\u0159e\u017e\u00ed Costa del Sol, vysoce v\u00fdnosnou nemovitost k pron\u00e1jmu nebo druh\u00fd domov.\" \/>\n<meta name=\"robots\" content=\"index, follow, max-snippet:-1, max-image-preview:large, max-video-preview:-1\" \/>\n<link rel=\"canonical\" href=\"https:\/\/mrg-home.com\/cs\/sprava-nemovitosti\/\" \/>\n<meta property=\"og:locale\" content=\"cs_CZ\" \/>\n<meta property=\"og:type\" content=\"article\" \/>\n<meta property=\"og:title\" content=\"Spr\u00e1va nemovitost\u00ed - MRG Home\" \/>\n<meta property=\"og:description\" content=\"M\u00e1me rozs\u00e1hl\u00e9 zku\u0161enosti s \u00fadr\u017ebou a spr\u00e1vou nemovitost\u00ed v Marbelle. A\u0165 u\u017e se jedn\u00e1 o rekrea\u010dn\u00ed pron\u00e1jem na pob\u0159e\u017e\u00ed Costa del Sol, vysoce v\u00fdnosnou nemovitost k pron\u00e1jmu nebo druh\u00fd domov.\" \/>\n<meta property=\"og:url\" content=\"https:\/\/mrg-home.com\/cs\/sprava-nemovitosti\/\" \/>\n<meta property=\"og:site_name\" content=\"MRG Home\" \/>\n<meta property=\"article:publisher\" content=\"https:\/\/www.facebook.com\/people\/MRG-Home-Marbella\/100083362450035\/\" \/>\n<meta property=\"og:image\" content=\"https:\/\/mrg-home.com\/wp-content\/uploads\/2022\/02\/mantenimiento2.jpg\" \/>\n\t<meta property=\"og:image:width\" content=\"490\" \/>\n\t<meta property=\"og:image:height\" content=\"700\" \/>\n\t<meta property=\"og:image:type\" content=\"image\/jpeg\" \/>\n<meta name=\"twitter:card\" content=\"summary_large_image\" \/>\n<meta name=\"twitter:label1\" content=\"Odhadovan\u00e1 doba \u010dten\u00ed\" \/>\n\t<meta name=\"twitter:data1\" content=\"2 minuty\" \/>\n<script type=\"application\/ld+json\" class=\"yoast-schema-graph\">{\"@context\":\"https:\/\/schema.org\",\"@graph\":[{\"@type\":\"WebPage\",\"@id\":\"https:\/\/mrg-home.com\/cs\/sprava-nemovitosti\/\",\"url\":\"https:\/\/mrg-home.com\/cs\/sprava-nemovitosti\/\",\"name\":\"Spr\u00e1va nemovitost\u00ed - MRG Home\",\"isPartOf\":{\"@id\":\"https:\/\/mrg-home.com\/en\/#website\"},\"primaryImageOfPage\":{\"@id\":\"https:\/\/mrg-home.com\/cs\/sprava-nemovitosti\/#primaryimage\"},\"image\":{\"@id\":\"https:\/\/mrg-home.com\/cs\/sprava-nemovitosti\/#primaryimage\"},\"thumbnailUrl\":\"https:\/\/mrg-home.com\/wp-content\/uploads\/2022\/02\/mantenimiento2.jpg\",\"datePublished\":\"2025-11-07T14:22:30+00:00\",\"description\":\"M\u00e1me rozs\u00e1hl\u00e9 zku\u0161enosti s \u00fadr\u017ebou a spr\u00e1vou nemovitost\u00ed v Marbelle. A\u0165 u\u017e se jedn\u00e1 o rekrea\u010dn\u00ed pron\u00e1jem na pob\u0159e\u017e\u00ed Costa del Sol, vysoce v\u00fdnosnou nemovitost k pron\u00e1jmu nebo druh\u00fd domov.\",\"breadcrumb\":{\"@id\":\"https:\/\/mrg-home.com\/cs\/sprava-nemovitosti\/#breadcrumb\"},\"inLanguage\":\"cs\",\"potentialAction\":[{\"@type\":\"ReadAction\",\"target\":[\"https:\/\/mrg-home.com\/cs\/sprava-nemovitosti\/\"]}]},{\"@type\":\"ImageObject\",\"inLanguage\":\"cs\",\"@id\":\"https:\/\/mrg-home.com\/cs\/sprava-nemovitosti\/#primaryimage\",\"url\":\"https:\/\/mrg-home.com\/wp-content\/uploads\/2022\/02\/mantenimiento2.jpg\",\"contentUrl\":\"https:\/\/mrg-home.com\/wp-content\/uploads\/2022\/02\/mantenimiento2.jpg\"},{\"@type\":\"BreadcrumbList\",\"@id\":\"https:\/\/mrg-home.com\/cs\/sprava-nemovitosti\/#breadcrumb\",\"itemListElement\":[{\"@type\":\"ListItem\",\"position\":1,\"name\":\"Portada\",\"item\":\"https:\/\/mrg-home.com\/cs\/start\/\"},{\"@type\":\"ListItem\",\"position\":2,\"name\":\"Spr\u00e1va nemovitost\u00ed\"}]},{\"@type\":\"WebSite\",\"@id\":\"https:\/\/mrg-home.com\/en\/#website\",\"url\":\"https:\/\/mrg-home.com\/en\/\",\"name\":\"MRG Home\",\"description\":\"Tu inmobiliaria en la Costa del Sol\",\"publisher\":{\"@id\":\"https:\/\/mrg-home.com\/en\/#organization\"},\"potentialAction\":[{\"@type\":\"SearchAction\",\"target\":{\"@type\":\"EntryPoint\",\"urlTemplate\":\"https:\/\/mrg-home.com\/en\/?s={search_term_string}\"},\"query-input\":{\"@type\":\"PropertyValueSpecification\",\"valueRequired\":true,\"valueName\":\"search_term_string\"}}],\"inLanguage\":\"cs\"},{\"@type\":\"Organization\",\"@id\":\"https:\/\/mrg-home.com\/en\/#organization\",\"name\":\"MRG Home\",\"url\":\"https:\/\/mrg-home.com\/en\/\",\"logo\":{\"@type\":\"ImageObject\",\"inLanguage\":\"cs\",\"@id\":\"https:\/\/mrg-home.com\/en\/#\/schema\/logo\/image\/\",\"url\":\"https:\/\/mrg-home.com\/wp-content\/uploads\/2022\/01\/logomrg-1.png\",\"contentUrl\":\"https:\/\/mrg-home.com\/wp-content\/uploads\/2022\/01\/logomrg-1.png\",\"width\":196,\"height\":96,\"caption\":\"MRG Home\"},\"image\":{\"@id\":\"https:\/\/mrg-home.com\/en\/#\/schema\/logo\/image\/\"},\"sameAs\":[\"https:\/\/www.facebook.com\/people\/MRG-Home-Marbella\/100083362450035\/\",\"https:\/\/www.youtube.com\/@MRG-HOME\"]}]}<\/script>\n<!-- \/ Yoast SEO plugin. -->","yoast_head_json":{"title":"Spr\u00e1va nemovitost\u00ed - MRG Home","description":"M\u00e1me rozs\u00e1hl\u00e9 zku\u0161enosti s \u00fadr\u017ebou a spr\u00e1vou nemovitost\u00ed v Marbelle. A\u0165 u\u017e se jedn\u00e1 o rekrea\u010dn\u00ed pron\u00e1jem na pob\u0159e\u017e\u00ed Costa del Sol, vysoce v\u00fdnosnou nemovitost k pron\u00e1jmu nebo druh\u00fd domov.","robots":{"index":"index","follow":"follow","max-snippet":"max-snippet:-1","max-image-preview":"max-image-preview:large","max-video-preview":"max-video-preview:-1"},"canonical":"https:\/\/mrg-home.com\/cs\/sprava-nemovitosti\/","og_locale":"cs_CZ","og_type":"article","og_title":"Spr\u00e1va nemovitost\u00ed - MRG Home","og_description":"M\u00e1me rozs\u00e1hl\u00e9 zku\u0161enosti s \u00fadr\u017ebou a spr\u00e1vou nemovitost\u00ed v Marbelle. A\u0165 u\u017e se jedn\u00e1 o rekrea\u010dn\u00ed pron\u00e1jem na pob\u0159e\u017e\u00ed Costa del Sol, vysoce v\u00fdnosnou nemovitost k pron\u00e1jmu nebo druh\u00fd domov.","og_url":"https:\/\/mrg-home.com\/cs\/sprava-nemovitosti\/","og_site_name":"MRG Home","article_publisher":"https:\/\/www.facebook.com\/people\/MRG-Home-Marbella\/100083362450035\/","og_image":[{"width":490,"height":700,"url":"https:\/\/mrg-home.com\/wp-content\/uploads\/2022\/02\/mantenimiento2.jpg","type":"image\/jpeg"}],"twitter_card":"summary_large_image","twitter_misc":{"Odhadovan\u00e1 doba \u010dten\u00ed":"2 minuty"},"schema":{"@context":"https:\/\/schema.org","@graph":[{"@type":"WebPage","@id":"https:\/\/mrg-home.com\/cs\/sprava-nemovitosti\/","url":"https:\/\/mrg-home.com\/cs\/sprava-nemovitosti\/","name":"Spr\u00e1va nemovitost\u00ed - MRG Home","isPartOf":{"@id":"https:\/\/mrg-home.com\/en\/#website"},"primaryImageOfPage":{"@id":"https:\/\/mrg-home.com\/cs\/sprava-nemovitosti\/#primaryimage"},"image":{"@id":"https:\/\/mrg-home.com\/cs\/sprava-nemovitosti\/#primaryimage"},"thumbnailUrl":"https:\/\/mrg-home.com\/wp-content\/uploads\/2022\/02\/mantenimiento2.jpg","datePublished":"2025-11-07T14:22:30+00:00","description":"M\u00e1me rozs\u00e1hl\u00e9 zku\u0161enosti s \u00fadr\u017ebou a spr\u00e1vou nemovitost\u00ed v Marbelle. A\u0165 u\u017e se jedn\u00e1 o rekrea\u010dn\u00ed pron\u00e1jem na pob\u0159e\u017e\u00ed Costa del Sol, vysoce v\u00fdnosnou nemovitost k pron\u00e1jmu nebo druh\u00fd domov.","breadcrumb":{"@id":"https:\/\/mrg-home.com\/cs\/sprava-nemovitosti\/#breadcrumb"},"inLanguage":"cs","potentialAction":[{"@type":"ReadAction","target":["https:\/\/mrg-home.com\/cs\/sprava-nemovitosti\/"]}]},{"@type":"ImageObject","inLanguage":"cs","@id":"https:\/\/mrg-home.com\/cs\/sprava-nemovitosti\/#primaryimage","url":"https:\/\/mrg-home.com\/wp-content\/uploads\/2022\/02\/mantenimiento2.jpg","contentUrl":"https:\/\/mrg-home.com\/wp-content\/uploads\/2022\/02\/mantenimiento2.jpg"},{"@type":"BreadcrumbList","@id":"https:\/\/mrg-home.com\/cs\/sprava-nemovitosti\/#breadcrumb","itemListElement":[{"@type":"ListItem","position":1,"name":"Portada","item":"https:\/\/mrg-home.com\/cs\/start\/"},{"@type":"ListItem","position":2,"name":"Spr\u00e1va nemovitost\u00ed"}]},{"@type":"WebSite","@id":"https:\/\/mrg-home.com\/en\/#website","url":"https:\/\/mrg-home.com\/en\/","name":"MRG Home","description":"Tu inmobiliaria en la Costa del Sol","publisher":{"@id":"https:\/\/mrg-home.com\/en\/#organization"},"potentialAction":[{"@type":"SearchAction","target":{"@type":"EntryPoint","urlTemplate":"https:\/\/mrg-home.com\/en\/?s={search_term_string}"},"query-input":{"@type":"PropertyValueSpecification","valueRequired":true,"valueName":"search_term_string"}}],"inLanguage":"cs"},{"@type":"Organization","@id":"https:\/\/mrg-home.com\/en\/#organization","name":"MRG Home","url":"https:\/\/mrg-home.com\/en\/","logo":{"@type":"ImageObject","inLanguage":"cs","@id":"https:\/\/mrg-home.com\/en\/#\/schema\/logo\/image\/","url":"https:\/\/mrg-home.com\/wp-content\/uploads\/2022\/01\/logomrg-1.png","contentUrl":"https:\/\/mrg-home.com\/wp-content\/uploads\/2022\/01\/logomrg-1.png","width":196,"height":96,"caption":"MRG Home"},"image":{"@id":"https:\/\/mrg-home.com\/en\/#\/schema\/logo\/image\/"},"sameAs":["https:\/\/www.facebook.com\/people\/MRG-Home-Marbella\/100083362450035\/","https:\/\/www.youtube.com\/@MRG-HOME"]}]}},"_links":{"self":[{"href":"https:\/\/mrg-home.com\/cs\/wp-json\/wp\/v2\/pages\/61829","targetHints":{"allow":["GET"]}}],"collection":[{"href":"https:\/\/mrg-home.com\/cs\/wp-json\/wp\/v2\/pages"}],"about":[{"href":"https:\/\/mrg-home.com\/cs\/wp-json\/wp\/v2\/types\/page"}],"author":[{"embeddable":true,"href":"https:\/\/mrg-home.com\/cs\/wp-json\/wp\/v2\/users\/1"}],"replies":[{"embeddable":true,"href":"https:\/\/mrg-home.com\/cs\/wp-json\/wp\/v2\/comments?post=61829"}],"version-history":[{"count":1,"href":"https:\/\/mrg-home.com\/cs\/wp-json\/wp\/v2\/pages\/61829\/revisions"}],"predecessor-version":[{"id":61832,"href":"https:\/\/mrg-home.com\/cs\/wp-json\/wp\/v2\/pages\/61829\/revisions\/61832"}],"wp:attachment":[{"href":"https:\/\/mrg-home.com\/cs\/wp-json\/wp\/v2\/media?parent=61829"}],"curies":[{"name":"wp","href":"https:\/\/api.w.org\/{rel}","templated":true}]}}